{"id":6690,"date":"2023-10-09T15:08:21","date_gmt":"2023-10-09T13:08:21","guid":{"rendered":"https:\/\/strate9y.com\/?page_id=6690"},"modified":"2026-01-08T10:18:35","modified_gmt":"2026-01-08T09:18:35","slug":"zasady-ochrany-ou","status":"publish","type":"page","link":"https:\/\/strate9y.com\/sk\/zasady-ochrany-ou\/","title":{"rendered":"Z\u00e1sady ochrany OU"},"content":{"rendered":"\n<h1 class=\"wp-block-heading has-text-align-center has-large-font-size\">Z\u00e1sady ochrany osobn\u00fdch \u00fadajov<\/h1>\n\n<p style=\"padding-right:var(--wp--preset--spacing--50);padding-left:var(--wp--preset--spacing--50)\">Ak ste n\u00e1v\u0161tevn\u00edkom n\u00e1\u0161ho projektu STRATE9Y &#8211; blogu, odberate\u013eom n\u00e1\u0161ho newslettera, bezplatn\u00fdch kurzov alebo z\u00e1kazn\u00edkom, poskytujete n\u00e1m svoje osobn\u00e9 \u00fadaje. Sprac\u00favame va\u0161e \u00fadaje a zodpoved\u00e1me za ich bezpe\u010dnos\u0165. S\u013eubujeme, \u017ee va\u0161e \u00fadaje budeme primerane chr\u00e1ni\u0165 a dodr\u017eiava\u0165 po\u017eiadavky v\u0161eobecn\u00e9ho nariadenia o ochrane \u00fadajov (GDPR).<\/p>\n\n<h2 class=\"wp-block-heading has-text-align-center\">1. Spr\u00e1vca osobn\u00fdch \u00fadajov <\/h2>\n\n<p style=\"padding-right:var(--wp--preset--spacing--50);padding-left:var(--wp--preset--spacing--50)\">Prev\u00e1dzkovate\u013eom \u00fadajov je spolo\u010dnos\u0165 Bizmod s.r.o. I\u010cO: 45641439 so s\u00eddlom Such\u00e9 miesto 79, 90025 Chorv\u00e1tsky Grob, Slovensko. Prev\u00e1dzkovate\u013e je zodpovedn\u00fd za ur\u010denie sp\u00f4sobu a \u010dasu spracovania va\u0161ich osobn\u00fdch \u00fadajov a za ich bezpe\u010dnos\u0165. Vyber\u00e1me si aj \u010fal\u0161\u00edch spracovate\u013eov, ktor\u00fdch pou\u017e\u00edvame na spracovanie.<\/p>\n\n<h2 class=\"wp-block-heading has-text-align-center\" style=\"padding-top:var(--wp--preset--spacing--60);padding-bottom:var(--wp--preset--spacing--60)\">2. Defin\u00edcia pojmov<\/h2>\n\n<ul class=\"wp-block-list\">\n<li><strong>Prev\u00e1dzkovate\u013e<\/strong> &#8211; osoba, ktor\u00e1 ur\u010duje \u00fa\u010del a prostriedky spracovania osobn\u00fdch \u00fadajov.<\/li>\n\n\n\n<li><strong>Spracovate\u013e<\/strong> &#8211; osoba, ktor\u00e1 sprac\u00fava osobn\u00e9 \u00fadaje v mene prev\u00e1dzkovate\u013ea.<\/li>\n\n\n\n<li><strong>Opr\u00e1vnen\u00fd z\u00e1ujem<\/strong> &#8211; pr\u00e1vny d\u00f4vod na spracovanie osobn\u00fdch \u00fadajov bez potreby s\u00fahlasu pou\u017e\u00edvate\u013ea, ak prev\u00e1dzkovate\u013e preuk\u00e1\u017ee, \u017ee z\u00e1ujem na sprac\u00favan\u00ed je v\u00e4\u010d\u0161\u00ed ako z\u00e1ujem pou\u017e\u00edvate\u013ea na ochrane \u00fadajov.<\/li>\n<\/ul>\n\n<h2 class=\"wp-block-heading has-text-align-center\">3. Ak\u00e9 \u00fadaje spracov\u00e1vame a pre\u010do<\/h2>\n\n<p style=\"padding-right:var(--wp--preset--spacing--50);padding-left:var(--wp--preset--spacing--50)\">Va\u0161e osobn\u00e9 \u00fadaje sprac\u00favame predov\u0161etk\u00fdm preto, aby sme v\u00e1m mohli poskytova\u0165 \u010do najkvalitnej\u0161\u00ed obsah a posiela\u0165 v\u00e1m veci zadarmo. Individu\u00e1lne d\u00f4vody spracovania:<\/p>\n\n<ul class=\"wp-block-list\">\n<li><strong>E-mailov\u00e9 kampane a informa\u010dn\u00e9 bulletiny<\/strong><\/li>\n<\/ul>\n\n<p style=\"padding-right:var(--wp--preset--spacing--50);padding-left:var(--wp--preset--spacing--50)\">Sprac\u00favame va\u0161e e-maily, sledujeme, na \u010do v nich klik\u00e1te a ak\u00e9 typy e-mailov od n\u00e1s otv\u00e1rate. To n\u00e1m umo\u017e\u0148uje lep\u0161ie prisp\u00f4sobi\u0165 obsah, ktor\u00fd by v\u00e1s mohol zauj\u00edma\u0165.  <em>Pr\u00e1vny z\u00e1klad: s\u00fahlas alebo opr\u00e1vnen\u00fd z\u00e1ujem.<\/em><\/p>\n\n<ul class=\"wp-block-list\">\n<li><strong>S\u00fa\u0165a\u017ee a dar\u010deky<\/strong><\/li>\n<\/ul>\n\n<p style=\"padding-right:var(--wp--preset--spacing--50);padding-left:var(--wp--preset--spacing--50)\">Ak sa z\u00fa\u010dastn\u00edte niektorej z na\u0161ich s\u00fa\u0165a\u017e\u00ed, v\u00e1\u0161 e-mail sprac\u00favame len na \u00fa\u010dely kontaktovania v\u00e1s v pr\u00edpade v\u00fdhry. Po skon\u010den\u00ed s\u00fa\u0165a\u017ee vyma\u017eeme va\u0161e kontaktn\u00e9 \u00fadaje z na\u0161ej datab\u00e1zy, pokia\u013e v\u00fdslovne nepotvrd\u00edte svoj s\u00fahlas so zasielan\u00edm \u010fal\u0161\u00edch e-mailov. <em>Pr\u00e1vny z\u00e1klad: s\u00fahlas.<\/em><\/p>\n\n<ul class=\"wp-block-list\">\n<li><strong>Poskytovanie slu\u017eieb, plnenie obchodn\u00fdch zml\u00fav a vedenie \u00fa\u010dtovn\u00edctva<\/strong><\/li>\n<\/ul>\n\n<p style=\"padding-right:var(--wp--preset--spacing--50);padding-left:var(--wp--preset--spacing--50)\">Ak ste na\u0161\u00edm z\u00e1kazn\u00edkom, na \u00fa\u010dely plnenia zmluvy sprac\u00favame tieto osobn\u00e9 \u00fadaje: faktura\u010dn\u00e9 \u00fadaje, e-mail a pr\u00edpadne \u010fal\u0161ie kontaktn\u00e9 \u00fadaje. <em>Pr\u00e1vny d\u00f4vod: plnenie zmluvy.<\/em><\/p>\n\n<h2 class=\"wp-block-heading has-text-align-center\" style=\"padding-top:var(--wp--preset--spacing--50);padding-bottom:var(--wp--preset--spacing--50)\">4. Doba uchov\u00e1vania osobn\u00fdch \u00fadajov<\/h2>\n\n<p style=\"padding-right:var(--wp--preset--spacing--50);padding-left:var(--wp--preset--spacing--50)\">Osobn\u00e9 \u00fadaje uchov\u00e1vame r\u00f4zne dlho v z\u00e1vislosti od \u00fa\u010delu spracovania:<\/p>\n\n<ul class=\"wp-block-list\">\n<li><strong>Na marketingov\u00e9 \u00fa\u010dely<\/strong> &#8211; va\u0161e kontaktn\u00e9 \u00fadaje uchov\u00e1vame po\u010das platnosti v\u00e1\u0161ho s\u00fahlasu, maxim\u00e1lne v\u0161ak 2 roky po jeho udelen\u00ed.<\/li>\n\n\n\n<li><strong>Na \u00fa\u010dely plnenia zmluvy<\/strong> &#8211; osobn\u00e9 \u00fadaje uchov\u00e1vame po\u010das trvania zmluvn\u00e9ho vz\u0165ahu a n\u00e1sledne 10 rokov, ako to vy\u017eaduj\u00fa da\u0148ov\u00e9 a \u00fa\u010dtovn\u00e9 predpisy.<\/li>\n\n\n\n<li><strong>Pravideln\u00e1 kontrola<\/strong> &#8211; va\u0161e \u00fadaje kontrolujeme ka\u017ed\u00e9 dva roky, aby sme overili ich aktu\u00e1lnos\u0165.<\/li>\n<\/ul>\n\n<h2 class=\"wp-block-heading has-text-align-center\" style=\"padding-top:var(--wp--preset--spacing--50);padding-bottom:var(--wp--preset--spacing--50)\">5. Prenos osobn\u00fdch \u00fadajov tret\u00edm stran\u00e1m<\/h2>\n\n<p style=\"padding-right:var(--wp--preset--spacing--50);padding-left:var(--wp--preset--spacing--50)\">Va\u0161e \u00fadaje sprac\u00fava spolo\u010dnos\u0165 Bizmod s.r.o. na zabezpe\u010den\u00fdch serveroch v Eur\u00f3pskej \u00fanii.<\/p>\n\n<p style=\"padding-right:var(--wp--preset--spacing--50);padding-left:var(--wp--preset--spacing--50)\">Na meranie toho, ako sa v\u00e1m p\u00e1\u010di n\u00e1\u0161 blog, kde tr\u00e1vite najviac \u010dasu a kde klik\u00e1te, vyu\u017e\u00edvame na ur\u010dit\u00e9 oper\u00e1cie spracovania in\u00fdch poskytovate\u013eov slu\u017eieb. S\u00fa\u010dasn\u00ed poskytovatelia s\u00fa:<\/p>\n\n<ul class=\"wp-block-list\">\n<li>Google &#8211; Google Analytics pomocou meracieho k\u00f3du<\/li>\n\n\n\n<li>Facebook &#8211; FB Pixel pomocou meracieho k\u00f3du.<\/li>\n\n\n\n<li>Ecomail &#8211; e-mailov\u00e9 kampane<\/li>\n\n\n\n<li>The Pay &#8211; elektonick\u00e9 platby<\/li>\n<\/ul>\n\n<p style=\"padding-right:var(--wp--preset--spacing--50);padding-left:var(--wp--preset--spacing--50)\"><em>V bud\u00facnosti m\u00f4\u017eeme spolupracova\u0165 s in\u00fdmi extern\u00fdmi spracovate\u013emi na poskytovan\u00ed \u0161pecifick\u00fdch slu\u017eieb (napr. Aktu\u00e1lny zoznam spracovate\u013eov n\u00e1jdete v\u017edy v t\u00fdchto z\u00e1sad\u00e1ch. <\/em><\/p>\n\n<h2 class=\"wp-block-heading has-text-align-center\" style=\"padding-top:var(--wp--preset--spacing--50);padding-bottom:var(--wp--preset--spacing--50)\">6. Bezpe\u010dnos\u0165 a ochrana osobn\u00fdch \u00fadajov<\/h2>\n\n<p style=\"padding-right:var(--wp--preset--spacing--50);padding-left:var(--wp--preset--spacing--50)\">Va\u0161e \u00fadaje s\u00fa u n\u00e1s v bezpe\u010d\u00ed. Prijali sme technick\u00e9 opatrenia, na zaistenie bezpe\u010dnosti osobn\u00fdch \u00fadajov \u0161ifrovan\u00edm prenosu \u00fadajov pomocou protokolu HTTPS a zabezpe\u010den\u00edm \u00fadajov pod\u013ea noriem \u010dl\u00e1nku 32 GDPR. Pr\u00edstup k \u00fadajom maj\u00fa len opr\u00e1vnen\u00e9 osoby, ktor\u00e9 s\u00fa povinn\u00e9 zachov\u00e1va\u0165 ml\u010danlivos\u0165.<\/p>\n\n<h2 class=\"wp-block-heading has-text-align-center\" style=\"padding-top:var(--wp--preset--spacing--50);padding-bottom:var(--wp--preset--spacing--50)\">7. Prenos va\u0161ich \u00fadajov mimo Eur\u00f3pskej \u00fanie<\/h2>\n\n<p style=\"padding-right:var(--wp--preset--spacing--50);padding-left:var(--wp--preset--spacing--50)\">Va\u0161e \u00fadaje sprac\u00favame len v Eur\u00f3pskej \u00fanii alebo v krajin\u00e1ch, ktor\u00e9 poskytuj\u00fa primeran\u00fa \u00farove\u0148 ochrany na z\u00e1klade rozhodnutia Eur\u00f3pskej komisie.<\/p>\n\n<h2 class=\"wp-block-heading has-text-align-center\">8. Va\u0161e pr\u00e1va v s\u00favislosti s ochranou osobn\u00fdch \u00fadajov<\/h2>\n\n<p style=\"padding-right:var(--wp--preset--spacing--50);padding-left:var(--wp--preset--spacing--50)\">V s\u00favislosti s ochranou \u00fadajov m\u00e1te nieko\u013eko pr\u00e1v. Ak chcete uplatni\u0165 niektor\u00e9 z t\u00fdchto pr\u00e1v, kontaktujte n\u00e1s e-mailom: info@strate9y.com<\/p>\n\n<ul class=\"wp-block-list\">\n<li><strong>Pr\u00e1vo na inform\u00e1cie<\/strong> &#8211; M\u00e1te pr\u00e1vo by\u0165 informovan\u00ed o v\u0161etk\u00fdch \u010dinnostiach spracovania.<\/li>\n\n\n\n<li> <strong>Pr\u00e1vo na pr\u00edstup<\/strong> &#8211; kedyko\u013evek m\u00f4\u017eete po\u017eiada\u0165 o inform\u00e1cie o svojich \u00fadajoch a \u00fa\u010deloch spracovania.<\/li>\n\n\n\n<li><strong>Pr\u00e1vo na opravu<\/strong> &#8211; ak zist\u00edte, \u017ee va\u0161e \u00fadaje s\u00fa nepresn\u00e9 alebo neaktu\u00e1lne, m\u00e1te pr\u00e1vo na ich doplnenie.<\/li>\n\n\n\n<li><strong>Pr\u00e1vo na obmedzenie spracovania<\/strong> &#8211; ak sa domnievate, \u017ee \u00fadaje s\u00fa nepresn\u00e9 alebo nespr\u00e1vne, m\u00f4\u017eete po\u017eiada\u0165 o obmedzenie spracovania.<\/li>\n\n\n\n<li> <strong>Pr\u00e1vo na vymazanie (by\u0165 zabudnut\u00fd<\/strong> ) &#8211; Ak si to \u017eel\u00e1te, vyma\u017eeme v\u0161etky va\u0161e osobn\u00e9 \u00fadaje zo syst\u00e9mu s v\u00fdnimkou \u00fadajov , ktor\u00e9 sme povinn\u00ed uchov\u00e1va\u0165 pod\u013ea z\u00e1kona.<\/li>\n\n\n\n<li><strong>Pr\u00e1vo namieta\u0165 proti spracovaniu<\/strong> &#8211; M\u00e1te pr\u00e1vo namieta\u0165 proti spracovaniu va\u0161ich osobn\u00fdch \u00fadajov , ak je zalo\u017een\u00e9 na opr\u00e1vnenom z\u00e1ujme.<\/li>\n<\/ul>\n\n<h2 class=\"wp-block-heading has-text-align-center\" style=\"padding-top:var(--wp--preset--spacing--50);padding-bottom:var(--wp--preset--spacing--50)\">9. S\u0165a\u017enos\u0165 na \u00darad na ochranu osobn\u00fdch \u00fadajov<\/h2>\n\n<p style=\"padding-right:var(--wp--preset--spacing--50);padding-left:var(--wp--preset--spacing--50)\">Ak m\u00e1te pocit, \u017ee s va\u0161imi \u00fadajmi nezaobch\u00e1dzame v s\u00falade so z\u00e1konom, m\u00e1te pr\u00e1vo kedyko\u013evek sa obr\u00e1ti\u0165 so svojou s\u0165a\u017enos\u0165ou na \u00darad na ochranu osobn\u00fdch \u00fadajov. Boli by sme ve\u013emi radi, keby ste n\u00e1s o tomto podozren\u00ed najprv informovali, aby sme s t\u00fdm mohli nie\u010do urobi\u0165 a napravi\u0165 pr\u00edpadn\u00e9 pochybenie.<\/p>\n\n<h2 class=\"wp-block-heading has-text-align-center\" style=\"padding-top:var(--wp--preset--spacing--50);padding-bottom:var(--wp--preset--spacing--50)\">10. Odhl\u00e1si\u0165 sa z odberu informa\u010dn\u00fdch bulletinov a obchodn\u00fdch ozn\u00e1men\u00ed<\/h2>\n\n<p style=\"padding-right:var(--wp--preset--spacing--50);padding-left:var(--wp--preset--spacing--50)\">Na z\u00e1klade n\u00e1\u0161ho opr\u00e1vnen\u00e9ho z\u00e1ujmu v\u00e1m posielame e-maily s in\u0161pir\u00e1ciou, \u010dl\u00e1nkami alebo produktmi a slu\u017ebami, ak ste z\u00e1kazn\u00edk. Ak e\u0161te nie ste z\u00e1kazn\u00edkom, zasielame v\u00e1m ich len na z\u00e1klade v\u00e1\u0161ho s\u00fahlasu. V oboch pr\u00edpadoch m\u00f4\u017eete zastavi\u0165 prij\u00edmanie na\u0161ich e-mailov kliknut\u00edm na odkaz na odhl\u00e1senie v ka\u017edom zaslanom e-maile.<\/p>\n\n<h2 class=\"wp-block-heading has-text-align-center\" style=\"padding-top:var(--wp--preset--spacing--50);padding-bottom:var(--wp--preset--spacing--50)\">11. Ml\u010danlivos\u0165<\/h2>\n\n<p style=\"padding-right:var(--wp--preset--spacing--50);padding-left:var(--wp--preset--spacing--50)\">Sme povinn\u00ed zachov\u00e1va\u0165 d\u00f4vernos\u0165 osobn\u00fdch \u00fadajov a bezpe\u010dnostn\u00fdch opatren\u00ed, ktor\u00fdch zverejnenie by ohrozilo bezpe\u010dnos\u0165 va\u0161ich osobn\u00fdch \u00fadajov. T\u00e1to d\u00f4vernos\u0165 trv\u00e1 aj po skon\u010den\u00ed zmluvn\u00e9ho vz\u0165ahu s nami. Va\u0161e \u00fadaje tie\u017e neposkytneme \u017eiadnej tretej strane bez v\u00e1\u0161ho s\u00fahlasu.<\/p>\n\n<h3 class=\"wp-block-heading has-text-align-center\" style=\"padding-top:var(--wp--preset--spacing--50);padding-bottom:var(--wp--preset--spacing--50)\">Tieto z\u00e1sady ochrany osobn\u00fdch \u00fadajov nadob\u00fadaj\u00fa \u00fa\u010dinnos\u0165 25.10. 2023 (posledn\u00e1 rev\u00edzia 12.11.2024)<\/h3>\n","protected":false},"excerpt":{"rendered":"<p>Z\u00e1sady ochrany osobn\u00fdch \u00fadajov Ak ste n\u00e1v\u0161tevn\u00edkom n\u00e1\u0161ho projektu STRATE9Y &#8211; blogu, odberate\u013eom n\u00e1\u0161ho newslettera, bezplatn\u00fdch kurzov alebo z\u00e1kazn\u00edkom, poskytujete [&hellip;]<\/p>\n","protected":false},"author":1,"featured_media":5780,"parent":0,"menu_order":0,"comment_status":"closed","ping_status":"closed","template":"","meta":{"_acf_changed":false,"_eb_attr":"","_uag_custom_page_level_css":"","site-sidebar-layout":"default","site-content-layout":"","ast-site-content-layout":"default","site-content-style":"boxed","site-sidebar-style":"default","ast-global-header-display":"","ast-banner-title-visibility":"","ast-main-header-display":"","ast-hfb-above-header-display":"","ast-hfb-below-header-display":"","ast-hfb-mobile-header-display":"","site-post-title":"","ast-breadcrumbs-content":"","ast-featured-img":"","footer-sml-layout":"","ast-disable-related-posts":"","theme-transparent-header-meta":"disabled","adv-header-id-meta":"","stick-header-meta":"","header-above-stick-meta":"","header-main-stick-meta":"","header-below-stick-meta":"","astra-migrate-meta-layouts":"default","ast-page-background-enabled":"default","ast-page-background-meta":{"desktop":{"background-color":"var(--ast-global-color-5)","background-image":"","background-repeat":"repeat","background-position":"center center","background-size":"auto","background-attachment":"scroll","background-type":"","background-media":"","overlay-type":"","overlay-color":"","overlay-opacity":"","overlay-gradient":""},"tablet":{"background-color":"","background-image":"","background-repeat":"repeat","background-position":"center center","background-size":"auto","background-attachment":"scroll","background-type":"","background-media":"","overlay-type":"","overlay-color":"","overlay-opacity":"","overlay-gradient":""},"mobile":{"background-color":"","background-image":"","background-repeat":"repeat","background-position":"center center","background-size":"auto","background-attachment":"scroll","background-type":"","background-media":"","overlay-type":"","overlay-color":"","overlay-opacity":"","overlay-gradient":""}},"ast-content-background-meta":{"desktop":{"background-color":"var(--ast-global-color-4)","background-image":"","background-repeat":"repeat","background-position":"center center","background-size":"auto","background-attachment":"scroll","background-type":"","background-media":"","overlay-type":"","overlay-color":"","overlay-opacity":"","overlay-gradient":""},"tablet":{"background-color":"var(--ast-global-color-4)","background-image":"","background-repeat":"repeat","background-position":"center center","background-size":"auto","background-attachment":"scroll","background-type":"","background-media":"","overlay-type":"","overlay-color":"","overlay-opacity":"","overlay-gradient":""},"mobile":{"background-color":"var(--ast-global-color-4)","background-image":"","background-repeat":"repeat","background-position":"center center","background-size":"auto","background-attachment":"scroll","background-type":"","background-media":"","overlay-type":"","overlay-color":"","overlay-opacity":"","overlay-gradient":""}},"footnotes":""},"class_list":["post-6690","page","type-page","status-publish","has-post-thumbnail","hentry"],"acf":[],"featured_image_src":"https:\/\/strate9y.com\/wp-content\/uploads\/GLOSSARY-123.jpeg","uagb_featured_image_src":{"full":["https:\/\/strate9y.com\/wp-content\/uploads\/GLOSSARY-123.jpeg",1440,810,false],"thumbnail":["https:\/\/strate9y.com\/wp-content\/uploads\/GLOSSARY-123-150x150.jpeg",150,150,true],"medium":["https:\/\/strate9y.com\/wp-content\/uploads\/GLOSSARY-123-300x169.jpeg",300,169,true],"medium_large":["https:\/\/strate9y.com\/wp-content\/uploads\/GLOSSARY-123-768x432.jpeg",768,432,true],"large":["https:\/\/strate9y.com\/wp-content\/uploads\/GLOSSARY-123-700x394.jpeg",700,394,true],"1536x1536":["https:\/\/strate9y.com\/wp-content\/uploads\/GLOSSARY-123.jpeg",1440,810,false],"2048x2048":["https:\/\/strate9y.com\/wp-content\/uploads\/GLOSSARY-123.jpeg",1440,810,false]},"uagb_author_info":{"display_name":"Hana Krchov\u00e1","author_link":"https:\/\/strate9y.com\/sk\/autor\/admin\/"},"uagb_comment_info":0,"uagb_excerpt":"Z\u00e1sady ochrany osobn\u00fdch \u00fadajov Ak ste n\u00e1v\u0161tevn\u00edkom n\u00e1\u0161ho projektu STRATE9Y &#8211; blogu, odberate\u013eom n\u00e1\u0161ho newslettera, bezplatn\u00fdch kurzov alebo z\u00e1kazn\u00edkom, poskytujete [&hellip;]","_links":{"self":[{"href":"https:\/\/strate9y.com\/sk\/wp-json\/wp\/v2\/pages\/6690","targetHints":{"allow":["GET"]}}],"collection":[{"href":"https:\/\/strate9y.com\/sk\/wp-json\/wp\/v2\/pages"}],"about":[{"href":"https:\/\/strate9y.com\/sk\/wp-json\/wp\/v2\/types\/page"}],"author":[{"embeddable":true,"href":"https:\/\/strate9y.com\/sk\/wp-json\/wp\/v2\/users\/1"}],"replies":[{"embeddable":true,"href":"https:\/\/strate9y.com\/sk\/wp-json\/wp\/v2\/comments?post=6690"}],"version-history":[{"count":0,"href":"https:\/\/strate9y.com\/sk\/wp-json\/wp\/v2\/pages\/6690\/revisions"}],"wp:featuredmedia":[{"embeddable":true,"href":"https:\/\/strate9y.com\/sk\/wp-json\/wp\/v2\/media\/5780"}],"wp:attachment":[{"href":"https:\/\/strate9y.com\/sk\/wp-json\/wp\/v2\/media?parent=6690"}],"curies":[{"name":"wp","href":"https:\/\/api.w.org\/{rel}","templated":true}]}}