{"id":32886,"date":"2026-04-26T16:37:37","date_gmt":"2026-04-26T14:37:37","guid":{"rendered":"https:\/\/strate9y.com\/start-strat9y-testu\/"},"modified":"2026-04-26T20:43:01","modified_gmt":"2026-04-26T18:43:01","slug":"start-strat9y-testu","status":"publish","type":"page","link":"https:\/\/strate9y.com\/sk\/start-strat9y-testu\/","title":{"rendered":"\u0160tart STRAT9Y testu"},"content":{"rendered":"<div data-spectra-id=\"spectra-mofov39z-4se8vi\"\tstyle=\"overflow: visible; --spectra-background-color: #0a0a0a;\" class=\"spectra-is-root-container alignfull spectra-overlay-color spectra-overflow spectra-background-color wp-block-spectra-container\" data-orientation=\"vertical\"\t>\n\t\n\n<div style=\"height:15px\" aria-hidden=\"true\" class=\"wp-block-spacer wp-container-content-42c95ffb\"><\/div>\n\n<\/div>\n\n<link href=\"https:\/\/fonts.googleapis.com\/css2?family=Manrope:wght@400;600;700;800&#038;display=swap\" rel=\"stylesheet\"\/>\n\n<div style=\"  background:#0a0a0a; color:#ffffff; text-align:center; padding:70px 20px; font-family:'Manrope', sans-serif;  \">\n\n  <!-- O\u010cI -->\n  <img decoding=\"async\" src=\"https:\/\/strate9y.com\/wp-content\/uploads\/\/tygr-oci-1-e1773392996659-700x240.png\" alt=\"STRATE9Ytest\" style=\"  display:block; width:420px; max-width:90%; height:auto; margin:0 auto 30px; ;  \" title=\"\">\n\n  <!-- HLAVN\u00cd HOOK -->\n  <div style=\"  font-size:40px; font-weight:800; line-height:1.1; margin-bottom:20px;  \">\n<div style=\"color:#e8080F;\">\n \u010co v\u00e1s v skuto\u010dnosti brzd\u00ed?\n  <\/div>\n\n  <!-- TEXT -->\n  <div style=\"  font-size:18px; line-height:1.6; margin-bottom:28px;  \">\n    <div style=\"color:#bfbfbf;\">\n Mo\u017eno to nie je dobr\u00fd n\u00e1pad.<br\/> Mo\u017eno to nie je trh.\n    <\/div>\n    <div style=\"color:#ffffff;font-weight:700;margin-top:6px;\">\n Mo\u017eno je to sp\u00f4sob, ak\u00fdm sa rozhodujete.\n    <\/div>\n  <\/div>\n\n  <!-- MICRO HOOK -->\n  <div style=\"  font-size:14px; color:#aaaaaa; margin-bottom:18px;  \">\n Zist\u00edte to sk\u00f4r, ne\u017e by ste \u010dakali.\n  <\/div>\n\n  <!-- CTA -->\n  <a href=\"https:\/\/strate9y.com\/sk\/strate9ytest\/\" style=\"  display:inline-block; background:#e8080f; color:#ffffff; text-decoration:none; padding:16px 36px; border-radius:5px; font-size:16px; font-weight:800; box-shadow:0 12px 30px rgba(232,8,15,0.35); transition:all 0.2s ease;  \" onmouseover=\"this.style.transform='translateY(-2px)'\" onmouseout=\"this.style.transform='translateY(0)'\">\n Spusti\u0165 test ZADARMO\n  <\/a>\n\n  <!-- MICRO INFO -->\n  <div style=\"  margin-top:14px; font-size:13px; color:#8a8a8a;  \">\n Len 5 min\u00fat \u2022 25 ot\u00e1zok \u2022 Okam\u017eit\u00fd v\u00fdsledok\n  <\/div>\n\n<\/div>\n<\/div><div data-spectra-id=\"spectra-a5f2307e-628e-4db4-862a-5bcf9937c89f\"\tstyle=\"overflow: visible; --spectra-background-color: #0a0a0a;\" class=\"spectra-is-root-container alignfull spectra-overlay-color spectra-overflow spectra-background-color wp-block-spectra-container\" data-orientation=\"vertical\"\t>\n\t\n\n<div style=\"height:472px\" aria-hidden=\"true\" class=\"wp-block-spacer wp-container-content-b9c424b1\"><\/div>\n\n<\/div>\n","protected":false},"excerpt":{"rendered":"<p>\u010co v\u00e1s v skuto\u010dnosti brzd\u00ed? Mo\u017eno to nie je dobr\u00fd n\u00e1pad. Mo\u017eno to nie je trh. Mo\u017eno je to sp\u00f4sob, [&hellip;]<\/p>\n","protected":false},"author":1,"featured_media":0,"parent":0,"menu_order":0,"comment_status":"closed","ping_status":"closed","template":"","meta":{"_acf_changed":false,"_eb_attr":"","_uag_custom_page_level_css":"","site-sidebar-layout":"default","site-content-layout":"","ast-site-content-layout":"default","site-content-style":"default","site-sidebar-style":"default","ast-global-header-display":"disabled","ast-banner-title-visibility":"disabled","ast-main-header-display":"disabled","ast-hfb-above-header-display":"","ast-hfb-below-header-display":"","ast-hfb-mobile-header-display":"disabled","site-post-title":"","ast-breadcrumbs-content":"","ast-featured-img":"","footer-sml-layout":"disabled","ast-disable-related-posts":"","theme-transparent-header-meta":"","adv-header-id-meta":"","stick-header-meta":"","header-above-stick-meta":"","header-main-stick-meta":"","header-below-stick-meta":"","astra-migrate-meta-layouts":"default","ast-page-background-enabled":"default","ast-page-background-meta":{"desktop":{"background-color":"var(--ast-global-color-5)","background-image":"","background-repeat":"repeat","background-position":"center center","background-size":"auto","background-attachment":"scroll","background-type":"","background-media":"","overlay-type":"","overlay-color":"","overlay-opacity":"","overlay-gradient":""},"tablet":{"background-color":"","background-image":"","background-repeat":"repeat","background-position":"center center","background-size":"auto","background-attachment":"scroll","background-type":"","background-media":"","overlay-type":"","overlay-color":"","overlay-opacity":"","overlay-gradient":""},"mobile":{"background-color":"","background-image":"","background-repeat":"repeat","background-position":"center center","background-size":"auto","background-attachment":"scroll","background-type":"","background-media":"","overlay-type":"","overlay-color":"","overlay-opacity":"","overlay-gradient":""}},"ast-content-background-meta":{"desktop":{"background-color":"var(--ast-global-color-4)","background-image":"","background-repeat":"repeat","background-position":"center center","background-size":"auto","background-attachment":"scroll","background-type":"","background-media":"","overlay-type":"","overlay-color":"","overlay-opacity":"","overlay-gradient":""},"tablet":{"background-color":"var(--ast-global-color-4)","background-image":"","background-repeat":"repeat","background-position":"center center","background-size":"auto","background-attachment":"scroll","background-type":"","background-media":"","overlay-type":"","overlay-color":"","overlay-opacity":"","overlay-gradient":""},"mobile":{"background-color":"var(--ast-global-color-4)","background-image":"","background-repeat":"repeat","background-position":"center center","background-size":"auto","background-attachment":"scroll","background-type":"","background-media":"","overlay-type":"","overlay-color":"","overlay-opacity":"","overlay-gradient":""}},"footnotes":""},"class_list":["post-32886","page","type-page","status-publish","hentry"],"acf":[],"featured_image_src":null,"uagb_featured_image_src":{"full":false,"thumbnail":false,"medium":false,"medium_large":false,"large":false,"1536x1536":false,"2048x2048":false},"uagb_author_info":{"display_name":"Hana Krchov\u00e1","author_link":"https:\/\/strate9y.com\/sk\/autor\/admin\/"},"uagb_comment_info":0,"uagb_excerpt":"\u010co v\u00e1s v skuto\u010dnosti brzd\u00ed? Mo\u017eno to nie je dobr\u00fd n\u00e1pad. Mo\u017eno to nie je trh. Mo\u017eno je to sp\u00f4sob, [&hellip;]","_links":{"self":[{"href":"https:\/\/strate9y.com\/sk\/wp-json\/wp\/v2\/pages\/32886","targetHints":{"allow":["GET"]}}],"collection":[{"href":"https:\/\/strate9y.com\/sk\/wp-json\/wp\/v2\/pages"}],"about":[{"href":"https:\/\/strate9y.com\/sk\/wp-json\/wp\/v2\/types\/page"}],"author":[{"embeddable":true,"href":"https:\/\/strate9y.com\/sk\/wp-json\/wp\/v2\/users\/1"}],"replies":[{"embeddable":true,"href":"https:\/\/strate9y.com\/sk\/wp-json\/wp\/v2\/comments?post=32886"}],"version-history":[{"count":0,"href":"https:\/\/strate9y.com\/sk\/wp-json\/wp\/v2\/pages\/32886\/revisions"}],"wp:attachment":[{"href":"https:\/\/strate9y.com\/sk\/wp-json\/wp\/v2\/media?parent=32886"}],"curies":[{"name":"wp","href":"https:\/\/api.w.org\/{rel}","templated":true}]}}