{"id":23286,"date":"2025-05-04T11:35:18","date_gmt":"2025-05-04T09:35:18","guid":{"rendered":"https:\/\/strate9y.com\/?page_id=23286"},"modified":"2026-02-09T09:55:03","modified_gmt":"2026-02-09T08:55:03","slug":"strate9y-toolbox-sk","status":"publish","type":"page","link":"https:\/\/strate9y.com\/sk\/strate9y-toolbox-sk\/","title":{"rendered":"STRATE9Y toolbox"},"content":{"rendered":"\n<div class=\"wp-block-group has-ast-global-color-5-color has-ast-global-color-2-background-color has-text-color has-background has-link-color wp-elements-9deb64b36fd1b1fb8e5cfbbb67d879cb is-layout-constrained wp-block-group-is-layout-constrained\">\n<p><\/p>\n\n\n\n<p><\/p>\n\n\n\n<p><\/p>\n\n\n\n<h2 class=\"wp-block-heading has-text-align-center has-ast-global-color-5-color has-text-color has-link-color wp-elements-5b8bd148159463ece8ec58fe5a849311\" style=\"padding-top:var(--wp--preset--spacing--80)\">Stiahnite si n\u00e1stroje, ktor\u00e9 premenia n\u00e1pady na strat\u00e9giu<\/h2>\n\n\n\n<p class=\"has-text-align-center\">V\u0161etko na jednom mieste. Pre hranie hier, \u0161t\u00fadium, podnikanie a osobn\u00fd rozvoj. <\/p>\n\n\n\n<h1 class=\"wp-block-heading has-text-align-center has-ast-global-color-0-color has-text-color has-link-color has-x-large-font-size wp-elements-e37a0609682cc0cba6a2ee755db230a7\"><strong>TOOLBOX<\/strong><\/h1>\n\n\n\n<p class=\"has-text-align-center\"><strong>Nevstupujte do podnikania bez zbran\u00ed.<\/strong><\/p>\n\n\n\n<p>N\u00e1stroj STRATE9Y je v\u00e1\u0161 osobn\u00fd strategick\u00fd batoh. Obsahuje e-knihy, pracovn\u00e9 listy, testy, \u0161abl\u00f3ny a minihry \u2013 n\u00e1stroje, ktor\u00e9 v\u00e1m pom\u00f4\u017eu premeni\u0165 va\u0161u my\u0161lienku na funk\u010dn\u00fd pl\u00e1n, efekt\u00edvnej\u0161ie vyu\u010dova\u0165 podnikanie alebo rozv\u00edja\u0165 vlastn\u00e9 myslenie. <\/p>\n\n\n\n<p>Vyberte si, \u010do pr\u00e1ve potrebujete. A za\u010dnite tvori\u0165 s cie\u013eom. <\/p>\n\n\n\n<div class=\"wp-block-uagb-separator uagb-block-3cfd993a\"><div class=\"wp-block-uagb-separator__inner\" style=\"--my-background-image:\"><\/div><\/div>\n<\/div>\n\n<div class=\"wp-block-uagb-container uagb-block-08f59dba alignwide uagb-is-root-container\">\n<div class=\"wp-block-uagb-container uagb-block-b1e19c7e\">\n<div data-aos= \"flip-left\" data-aos-duration=\"400\" data-aos-delay=\"0\" data-aos-easing=\"ease\" data-aos-once=\"true\" class=\"wp-block-uagb-info-box uagb-block-85801624 uagb-infobox__content-wrap  uagb-infobox-icon-above-title uagb-infobox-image-valign-top\"><div class=\"uagb-ifb-content\"><div class=\"uagb-ifb-image-content\"><img decoding=\"async\" src=\"https:\/\/strate9y.com\/wp-content\/smush-webp\/e-booky-245x300.png.webp\" alt=\"e-booky - materi&#xE1;ly ke sta&#x17E;en&#xED;\" width=\"200\" height=\"244\" loading=\"lazy\" title=\"\" data-smush-webp-fallback=\"{&quot;src&quot;:&quot;https:\\\/\\\/strate9y.com\\\/wp-content\\\/uploads\\\/e-booky-245x300.png&quot;}\"><\/div><div class=\"uagb-ifb-title-wrap\"><\/div><p class=\"uagb-ifb-desc\">Praktick\u00fd e-book zadarmo: 5 r\u00fdchlych met\u00f3d na odhalenie slab\u00fdch miest, z\u00edskanie sp\u00e4tnej v\u00e4zby a pr\u00edpravu na kr\u00edzov\u00e9 scen\u00e1re.<\/p><div class=\"uagb-ifb-button-wrapper wp-block-button\"><a href=\"&lt;!--[CDATA[\/?page_id=22195]]--&gt;\" class=\"uagb-infobox-cta-link wp-block-button__link\" target=\"_blank\" rel=\"noopener noreferrer\" onclick=\"return true;\"><span class=\"uagb-inline-editing\">Stiahnite si e-book zadarmo<\/span><\/a><\/div><\/div><\/div>\n<\/div>\n\n\n\n<div class=\"wp-block-uagb-container uagb-block-049cbe5c\">\n<div data-aos= \"flip-left\" data-aos-duration=\"400\" data-aos-delay=\"0\" data-aos-easing=\"ease\" data-aos-once=\"true\" class=\"wp-block-uagb-info-box uagb-block-eade7030 uagb-infobox__content-wrap  uagb-infobox-icon-above-title uagb-infobox-image-valign-top\"><div class=\"uagb-ifb-content\"><div class=\"uagb-ifb-image-content\"><img decoding=\"async\" src=\"https:\/\/strate9y.com\/wp-content\/smush-webp\/sablonysk-245x300.png.webp\" alt=\"&#x161;ablony strategick&#xE9;ho managementu\" width=\"200\" height=\"244\" loading=\"lazy\" title=\"\" data-smush-webp-fallback=\"{&quot;src&quot;:&quot;https:\\\/\\\/strate9y.com\\\/wp-content\\\/uploads\\\/sablonysk-245x300.png&quot;}\"><\/div><div class=\"uagb-ifb-title-wrap\"><\/div><p class=\"uagb-ifb-desc\">Zjednodu\u0161te si pr\u00e1cu. Vytv\u00e1rajte obsah, pl\u00e1nujte strat\u00e9gie a prezentujte svoje n\u00e1pady pomocou profesion\u00e1lnych \u0161abl\u00f3n. <\/p><div class=\"uagb-ifb-button-wrapper wp-block-button\"><a href=\"https:\/\/strate9y.com\/strate9y-toolbox\/\" class=\"uagb-infobox-cta-link wp-block-button__link\" target=\"_blank\" rel=\"noopener noreferrer\" onclick=\"return true;\"><span class=\"uagb-inline-editing\">Stiahnite si bezplatn\u00e9 \u0161abl\u00f3ny<\/span><\/a><\/div><\/div><\/div>\n<\/div>\n\n\n\n<div class=\"wp-block-uagb-container uagb-block-05882736\">\n<div data-aos= \"flip-left\" data-aos-duration=\"400\" data-aos-delay=\"0\" data-aos-easing=\"ease\" data-aos-once=\"true\" class=\"wp-block-uagb-info-box uagb-block-c33f1f16 uagb-infobox__content-wrap  uagb-infobox-icon-above-title uagb-infobox-image-valign-top\"><div class=\"uagb-ifb-content\"><div class=\"uagb-ifb-image-content\"><img decoding=\"async\" src=\"https:\/\/strate9y.com\/wp-content\/smush-webp\/testy-245x300.png.webp\" alt=\"testy strategick&#xE9;ho my&#x161;len&#xED;\" width=\"200\" height=\"244\" loading=\"lazy\" title=\"\" data-smush-webp-fallback=\"{&quot;src&quot;:&quot;https:\\\/\\\/strate9y.com\\\/wp-content\\\/uploads\\\/testy-245x300.png&quot;}\"><\/div><div class=\"uagb-ifb-title-wrap\"><\/div><p class=\"uagb-ifb-desc\">Zjist\u011bte, jak\u00fd je V\u00e1\u0161 styl strategick\u00e9ho my\u0161len\u00ed \u2013 a jak ho rozv\u00edjet. STRATE9Ytest V\u00e1m uk\u00e1\u017ee, v \u010dem jste siln\u00ed. <\/p><div class=\"uagb-ifb-button-wrapper wp-block-button\"><a href=\"https:\/\/strate9y.com\/sk\/test-strategickeho-myslenia\/\" class=\"uagb-infobox-cta-link wp-block-button__link\" target=\"_blank\" rel=\"noopener noreferrer\" onclick=\"return true;\"><span class=\"uagb-inline-editing\">STRATE9 Bezplatn\u00fd test<\/span><\/a><\/div><\/div><\/div>\n<\/div>\n<\/div>\n\n<div class=\"wp-block-uagb-container uagb-block-acff5408 alignwide uagb-is-root-container\">\n<div class=\"wp-block-uagb-container uagb-block-2b2430c6\">\n<div data-aos= \"flip-left\" data-aos-duration=\"400\" data-aos-delay=\"0\" data-aos-easing=\"ease\" data-aos-once=\"true\" class=\"wp-block-uagb-info-box uagb-block-123903d4 uagb-infobox__content-wrap  uagb-infobox-icon-above-title uagb-infobox-image-valign-top\"><div class=\"uagb-ifb-content\"><div class=\"uagb-ifb-image-content\"><img decoding=\"async\" src=\"https:\/\/strate9y.com\/wp-content\/smush-webp\/pre_ucitelov-245x300.png.webp\" alt=\"materi&#xE1;ly pro u&#x10D;itele a lektory\" width=\"200\" height=\"244\" loading=\"lazy\" title=\"\" data-smush-webp-fallback=\"{&quot;src&quot;:&quot;https:\\\/\\\/strate9y.com\\\/wp-content\\\/uploads\\\/pre_ucitelov-245x300.png&quot;}\"><\/div><div class=\"uagb-ifb-title-wrap\"><\/div><p class=\"uagb-ifb-desc\">Inspirujte studenty podnikavost\u00ed. St\u00e1hn\u011bte si metodiky, pracovn\u00ed listy a v\u00fdukov\u00e9 aktivity, kter\u00e9 o\u017eiv\u00ed ka\u017edou hodinu. <\/p><div class=\"uagb-ifb-button-wrapper wp-block-button\"><a href=\"#\" class=\"uagb-infobox-cta-link wp-block-button__link\" target=\"_blank\" rel=\"noopener noreferrer\" onclick=\"return false;\"><span class=\"uagb-inline-editing\">Vstup do sekcie &#8211; u\u017e \u010doskoro&#8230;<\/span><\/a><\/div><\/div><\/div>\n<\/div>\n\n\n\n<div class=\"wp-block-uagb-container uagb-block-a8d9bb4f\">\n<div data-aos= \"flip-left\" data-aos-duration=\"400\" data-aos-delay=\"0\" data-aos-easing=\"ease\" data-aos-once=\"true\" class=\"wp-block-uagb-info-box uagb-block-ad8005bd uagb-infobox__content-wrap  uagb-infobox-icon-above-title uagb-infobox-image-valign-top\"><div class=\"uagb-ifb-content\"><div class=\"uagb-ifb-image-content\"><img decoding=\"async\" src=\"https:\/\/strate9y.com\/wp-content\/smush-webp\/herne_materialy-245x300.png.webp\" alt=\"hern&#xED; materi&#xE1;ly ke h&#x159;e STRATE9Ygame\" width=\"200\" height=\"244\" loading=\"lazy\" title=\"\" data-smush-webp-fallback=\"{&quot;src&quot;:&quot;https:\\\/\\\/strate9y.com\\\/wp-content\\\/uploads\\\/herne_materialy-245x300.png&quot;}\"><\/div><div class=\"uagb-ifb-title-wrap\"><\/div><p class=\"uagb-ifb-desc\"><br\/>Z\u00edskejte p\u0159\u00edstup ke kart\u00e1m, \u0161ablon\u00e1m a pl\u00e1n\u016fm ze hry STRATE9Y \u2013 v\u0161e, co pot\u0159ebujete pro smysluplnou hru i v\u00fduku.<\/p><div class=\"uagb-ifb-button-wrapper wp-block-button\"><a href=\"https:\/\/strate9y.com\/sk\/business-napad-sablona-pre-strate9y-game\/\" class=\"uagb-infobox-cta-link wp-block-button__link\" target=\"_blank\" rel=\"noopener noreferrer\" onclick=\"return true;\"><span class=\"uagb-inline-editing\">Stiahnutie doplnkov<\/span><\/a><\/div><\/div><\/div>\n<\/div>\n\n\n\n<div class=\"wp-block-uagb-container uagb-block-1daf30a0\">\n<div data-aos= \"flip-left\" data-aos-duration=\"400\" data-aos-delay=\"0\" data-aos-easing=\"ease\" data-aos-once=\"true\" class=\"wp-block-uagb-info-box uagb-block-6bef0491 uagb-infobox__content-wrap  uagb-infobox-icon-above-title uagb-infobox-image-valign-top\"><div class=\"uagb-ifb-content\"><div class=\"uagb-ifb-image-content\"><img decoding=\"async\" src=\"https:\/\/strate9y.com\/wp-content\/smush-webp\/minihry-245x300.png.webp\" alt=\"minihry ke h&#x159;e STRATE9Ygame\" width=\"200\" height=\"244\" loading=\"lazy\" title=\"\" data-smush-webp-fallback=\"{&quot;src&quot;:&quot;https:\\\/\\\/strate9y.com\\\/wp-content\\\/uploads\\\/minihry-245x300.png&quot;}\"><\/div><div class=\"uagb-ifb-title-wrap\"><\/div><p class=\"uagb-ifb-desc\"><br\/>Hrajte minihry zo STRATE9Y a zistite, ako jednoduch\u00e9 je rozv\u00edja\u0165 strategick\u00e9 myslenie v t\u00edme alebo v triede.<\/p><div class=\"uagb-ifb-button-wrapper wp-block-button\"><a href=\"#\" class=\"uagb-infobox-cta-link wp-block-button__link\" target=\"_self\" rel=\"noopener noreferrer\" onclick=\"return false;\"><span class=\"uagb-inline-editing\">U\u017e skoro&#8230;<\/span><\/a><\/div><\/div><\/div>\n<\/div>\n<\/div>\n\n<div class=\"wp-block-uagb-container uagb-block-1c172144 alignwide uagb-is-root-container\">\n<div class=\"wp-block-uagb-container uagb-block-74479534\">\n<div class=\"wp-block-uagb-image uagb-block-792d022c wp-block-uagb-image--layout-default wp-block-uagb-image--effect-static wp-block-uagb-image--align-none\"><figure class=\"wp-block-uagb-image__figure\"><img decoding=\"async\" srcset=\"https:\/\/strate9y.com\/wp-content\/smush-webp\/shopping-cart-1-150x150.png.webp ,https:\/\/strate9y.com\/wp-content\/smush-webp\/shopping-cart-1.png.webp 780w, https:\/\/strate9y.com\/wp-content\/smush-webp\/shopping-cart-1-150x150.png.webp 360w\" sizes=\"auto, (max-width: 480px) 150px\" src=\"https:\/\/strate9y.com\/wp-content\/smush-webp\/shopping-cart-1-150x150.png.webp\" alt=\"eshop\" class=\"uag-image-21716\" width=\"150\" height=\"150\" title=\"shopping-cart (1)\" loading=\"lazy\" role=\"img\" data-smush-webp-fallback=\"{&quot;src&quot;:&quot;https:\\\/\\\/strate9y.com\\\/wp-content\\\/uploads\\\/shopping-cart-1-150x150.png&quot;,&quot;srcset&quot;:&quot;https:\\\/\\\/strate9y.com\\\/wp-content\\\/uploads\\\/shopping-cart-1-150x150.png ,https:\\\/\\\/strate9y.com\\\/wp-content\\\/uploads\\\/shopping-cart-1.png 780w, https:\\\/\\\/strate9y.com\\\/wp-content\\\/uploads\\\/shopping-cart-1-150x150.png 360w&quot;}\"><\/figure><\/div>\n<\/div>\n\n\n\n<div class=\"wp-block-uagb-container uagb-block-c216fe6a\">\n<div class=\"wp-block-uagb-call-to-action uagb-block-62fee28e wp-block-button\"><div class=\"uagb-cta__wrap\"><h3 class=\"uagb-cta__title\">E-shop STRATE9Y<\/h3><p class=\"uagb-cta__desc\"><br\/>Objavte hru, ktor\u00e1 pom\u00e1ha premeni\u0165 n\u00e1pady na strat\u00e9giu. STRATE9Ygame rozv\u00edja podnikavos\u0165, kritick\u00e9 myslenie a odvahu tvori\u0165. Vst\u00fapte do sveta, kde ka\u017ed\u00fd krok m\u00f4\u017ee vies\u0165 k \u00faspechu.  <\/p><\/div><div class=\"uagb-cta__buttons\"><a href=\"HTTPS:\/\/www.obchod.strate9y.com\" class=\"uagb-cta__button-link-wrapper wp-block-button__link\" target=\"_blank\" rel=\"noopener noreferrer\">K\u00fapi\u0165<\/a><\/div><\/div>\n<\/div>\n<\/div>\n\n<div class=\"wp-block-columns has-ast-global-color-5-background-color has-background is-layout-flex wp-container-core-columns-is-layout-28f84493 wp-block-columns-is-layout-flex\">\n<div class=\"wp-block-column is-layout-flow wp-block-column-is-layout-flow\">\n<figure class=\"wp-block-embed is-type-video is-provider-youtube wp-block-embed-youtube wp-embed-aspect-16-9 wp-has-aspect-ratio\" style=\"margin-right:0;margin-left:0\"><div class=\"wp-block-embed__wrapper\">\n<iframe loading=\"lazy\" title=\"BCG matice excel\" width=\"500\" height=\"281\" src=\"https:\/\/www.youtube.com\/embed\/MOD-GbPwtvw?feature=oembed\" frameborder=\"0\" allow=\"accelerometer; autoplay; clipboard-write; encrypted-media; gyroscope; picture-in-picture; web-share\" referrerpolicy=\"strict-origin-when-cross-origin\" allowfullscreen><\/iframe>\n<\/div><\/figure>\n<\/div>\n\n\n\n<div class=\"wp-block-column is-layout-flow wp-block-column-is-layout-flow\">\n<h2 class=\"wp-block-heading has-text-align-center\" style=\"font-size:29px\">\u0160abl\u00f3na na vytvorenie <a href=\"https:\/\/strate9y.com\/sk\/glossary\/matica-bcg\/\" type=\"link\" id=\"https:\/\/strate9y.com\/glossary\/bcg-matice\/\">matice BCG<\/a><\/h2>\n\n\n\n<ul class=\"wp-block-list\">\n<li>vytvori\u0165 BCG maticu s trhov\u00fdmi podielmi ( farebne aj \u010diernobielo )<\/li>\n\n\n\n<li>vytvori\u0165 BCG maticu bez zn\u00e1mych trhov\u00fdch podielov ( farebne aj \u010diernobielo )<\/li>\n\n\n\n<li>Form\u00e1t MS Excel<\/li>\n<\/ul>\n\n\n\n<div class=\"wp-block-uagb-buttons uagb-buttons__outer-wrap uagb-btn__default-btn uagb-btn-tablet__default-btn uagb-btn-mobile__default-btn uagb-block-052cdfca\"><div class=\"uagb-buttons__wrap uagb-buttons-layout-wrap \">\n<div class=\"wp-block-uagb-buttons-child uagb-buttons__outer-wrap uagb-block-16df44ff wp-block-button\"><div class=\"uagb-button__wrapper\"><a class=\"uagb-buttons-repeater wp-block-button__link\" aria-label=\"\" href=\"https:\/\/form.simpleshop.cz\/D2yQB\/buy\/\" rel=\"follow noopener\" target=\"_blank\" role=\"button\"><div class=\"uagb-button__link\">To potrebujem.<\/div><\/a><\/div><\/div>\n<\/div><\/div>\n\n\n\n<p><a href=\"https:\/\/strate9y.com\/sk\/ako-zostavit-bostonsku-maticu-bcg\/\" data-type=\"link\" data-id=\"https:\/\/strate9y.com\/jak-sestavit-bcg-matici\/\">Ako pou\u017e\u00edva\u0165 \u0161abl\u00f3nu a ako vytvori\u0165 a komentova\u0165 maticu?<\/a><\/p>\n<\/div>\n<\/div>\n\n<div class=\"wp-block-uagb-container uagb-block-699d2468 alignwide uagb-is-root-container\">\n<div class=\"wp-block-uagb-image aligncenter uagb-block-7be5c38c wp-block-uagb-image--layout-default wp-block-uagb-image--effect-static wp-block-uagb-image--align-center\"><figure class=\"wp-block-uagb-image__figure\"><a class=\"\" href=\"https:\/\/www.youtube.com\/@STRATE9Ycom\" target=\"\" rel=\"noopener\"><img decoding=\"async\" srcset=\"https:\/\/strate9y.com\/wp-content\/smush-webp\/strate9ycast-1-300x100.jpg.webp ,https:\/\/strate9y.com\/wp-content\/smush-webp\/strate9ycast-1.jpg.webp 780w, https:\/\/strate9y.com\/wp-content\/smush-webp\/strate9ycast-1.jpg.webp 360w\" sizes=\"auto, (max-width: 480px) 150px\" src=\"https:\/\/strate9y.com\/wp-content\/smush-webp\/strate9ycast-1-300x100.jpg.webp\" alt=\"Strate9ycast\" class=\"uag-image-4265\" width=\"300\" height=\"100\" title=\"Strate9ycast\" loading=\"lazy\" role=\"img\" data-smush-webp-fallback=\"{&quot;src&quot;:&quot;https:\\\/\\\/strate9y.com\\\/wp-content\\\/uploads\\\/strate9ycast-1-300x100.jpg&quot;,&quot;srcset&quot;:&quot;https:\\\/\\\/strate9y.com\\\/wp-content\\\/uploads\\\/strate9ycast-1-300x100.jpg ,https:\\\/\\\/strate9y.com\\\/wp-content\\\/uploads\\\/strate9ycast-1.jpg 780w, https:\\\/\\\/strate9y.com\\\/wp-content\\\/uploads\\\/strate9ycast-1.jpg 360w&quot;}\"><\/a><\/figure><\/div>\n<\/div>\n","protected":false},"excerpt":{"rendered":"<p>Stiahnite si n\u00e1stroje, ktor\u00e9 premenia n\u00e1pady na strat\u00e9giu V\u0161etko na jednom mieste. Pre hranie hier, \u0161t\u00fadium, podnikanie a osobn\u00fd rozvoj. [&hellip;]<\/p>\n","protected":false},"author":1,"featured_media":0,"parent":0,"menu_order":0,"comment_status":"closed","ping_status":"closed","template":"","meta":{"_acf_changed":false,"_eb_attr":"","_uag_custom_page_level_css":"","site-sidebar-layout":"default","site-content-layout":null,"ast-site-content-layout":"","site-content-style":"default","site-sidebar-style":"default","ast-global-header-display":"","ast-banner-title-visibility":"","ast-main-header-display":"","ast-hfb-above-header-display":null,"ast-hfb-below-header-display":null,"ast-hfb-mobile-header-display":"","site-post-title":"","ast-breadcrumbs-content":"disabled","ast-featured-img":"","footer-sml-layout":"","ast-disable-related-posts":"","theme-transparent-header-meta":"enabled","adv-header-id-meta":"","stick-header-meta":"","header-above-stick-meta":null,"header-main-stick-meta":"","header-below-stick-meta":null,"astra-migrate-meta-layouts":"default","ast-page-background-enabled":"default","ast-page-background-meta":{"desktop":{"background-color":"var(--ast-global-color-5)","background-image":"","background-repeat":"repeat","background-position":"center center","background-size":"auto","background-attachment":"scroll","background-type":"","background-media":"","overlay-type":"","overlay-color":"","overlay-opacity":"","overlay-gradient":""},"tablet":{"background-color":"","background-image":"","background-repeat":"repeat","background-position":"center center","background-size":"auto","background-attachment":"scroll","background-type":"","background-media":"","overlay-type":"","overlay-color":"","overlay-opacity":"","overlay-gradient":""},"mobile":{"background-color":"","background-image":"","background-repeat":"repeat","background-position":"center center","background-size":"auto","background-attachment":"scroll","background-type":"","background-media":"","overlay-type":"","overlay-color":"","overlay-opacity":"","overlay-gradient":""}},"ast-content-background-meta":{"desktop":{"background-color":"var(--ast-global-color-4)","background-image":"","background-repeat":"repeat","background-position":"center center","background-size":"auto","background-attachment":"scroll","background-type":"","background-media":"","overlay-type":"","overlay-color":"","overlay-opacity":"","overlay-gradient":""},"tablet":{"background-color":"var(--ast-global-color-4)","background-image":"","background-repeat":"repeat","background-position":"center center","background-size":"auto","background-attachment":"scroll","background-type":"","background-media":"","overlay-type":"","overlay-color":"","overlay-opacity":"","overlay-gradient":""},"mobile":{"background-color":"var(--ast-global-color-4)","background-image":"","background-repeat":"repeat","background-position":"center center","background-size":"auto","background-attachment":"scroll","background-type":"","background-media":"","overlay-type":"","overlay-color":"","overlay-opacity":"","overlay-gradient":""}},"footnotes":""},"class_list":["post-23286","page","type-page","status-publish","hentry"],"acf":[],"featured_image_src":null,"uagb_featured_image_src":{"full":false,"thumbnail":false,"medium":false,"medium_large":false,"large":false,"1536x1536":false,"2048x2048":false},"uagb_author_info":{"display_name":"Hana Krchov\u00e1","author_link":"https:\/\/strate9y.com\/sk\/autor\/admin\/"},"uagb_comment_info":0,"uagb_excerpt":"Stiahnite si n\u00e1stroje, ktor\u00e9 premenia n\u00e1pady na strat\u00e9giu V\u0161etko na jednom mieste. Pre hranie hier, \u0161t\u00fadium, podnikanie a osobn\u00fd rozvoj. [&hellip;]","_links":{"self":[{"href":"https:\/\/strate9y.com\/sk\/wp-json\/wp\/v2\/pages\/23286","targetHints":{"allow":["GET"]}}],"collection":[{"href":"https:\/\/strate9y.com\/sk\/wp-json\/wp\/v2\/pages"}],"about":[{"href":"https:\/\/strate9y.com\/sk\/wp-json\/wp\/v2\/types\/page"}],"author":[{"embeddable":true,"href":"https:\/\/strate9y.com\/sk\/wp-json\/wp\/v2\/users\/1"}],"replies":[{"embeddable":true,"href":"https:\/\/strate9y.com\/sk\/wp-json\/wp\/v2\/comments?post=23286"}],"version-history":[{"count":0,"href":"https:\/\/strate9y.com\/sk\/wp-json\/wp\/v2\/pages\/23286\/revisions"}],"wp:attachment":[{"href":"https:\/\/strate9y.com\/sk\/wp-json\/wp\/v2\/media?parent=23286"}],"curies":[{"name":"wp","href":"https:\/\/api.w.org\/{rel}","templated":true}]}}