{"id":22317,"date":"2025-03-29T14:39:36","date_gmt":"2025-03-29T13:39:36","guid":{"rendered":"https:\/\/strate9y.com\/?page_id=22317"},"modified":"2026-05-16T16:48:54","modified_gmt":"2026-05-16T14:48:54","slug":"e-book-zadarmo-otestujte-svoju-strategiu","status":"publish","type":"page","link":"https:\/\/strate9y.com\/sk\/e-book-zadarmo-otestujte-svoju-strategiu\/","title":{"rendered":"E-book zadarmo: Otestujte svoju strat\u00e9giu v\u010das"},"content":{"rendered":"\n<div class=\"wp-block-uagb-container uagb-block-zxqcplsv alignfull uagb-is-root-container\"><div class=\"uagb-container-inner-blocks-wrap\">\n<div class=\"wp-block-uagb-info-box uagb-block-3obae3km uagb-infobox__content-wrap  uagb-infobox-icon-above-title uagb-infobox-image-valign-top\"><div class=\"uagb-ifb-content\"><div class=\"uagb-ifb-title-wrap\"><h1 class=\"uagb-ifb-title\"><br>Otestujte svoju strat\u00e9giu sk\u00f4r, ako ju otestuje realita<\/h1><\/div><p class=\"uagb-ifb-desc\"><br>Praktick\u00fd e-book zadarmo: 5 r\u00fdchlych met\u00f3d na odhalenie slab\u00fdch miest, z\u00edskanie sp\u00e4tnej v\u00e4zby a pr\u00edpravu na kr\u00edzov\u00e9 scen\u00e1re.<\/p><\/div><\/div>\n\n\n\n<div class=\"wp-block-uagb-buttons uagb-buttons__outer-wrap uagb-btn__default-btn uagb-btn-tablet__default-btn uagb-btn-mobile__default-btn uagb-block-tjv1y1vl\"><div class=\"uagb-buttons__wrap uagb-buttons-layout-wrap \">\n<div class=\"wp-block-uagb-buttons-child uagb-buttons__outer-wrap uagb-block-3wrecfvd wp-block-button\"><div class=\"uagb-button__wrapper\"><a class=\"uagb-buttons-repeater wp-block-button__link\" aria-label=\"\" href=\"#ebook\" rel=\"follow noopener\" target=\"_self\" role=\"button\"><div class=\"uagb-button__link\">St\u00e1hnout e-book zdarma<\/div><\/a><\/div><\/div>\n<\/div><\/div>\n<\/div><\/div>\n\n\n\n<div class=\"wp-block-uagb-container uagb-block-533c7557 alignfull uagb-is-root-container\"><div class=\"uagb-container-inner-blocks-wrap\">\n<h2 class=\"wp-block-heading has-text-align-center has-ast-global-color-4-color has-text-color has-link-color wp-elements-835cfd002b1fc86b2806c80c68e8b1e5\" style=\"padding-top:var(--wp--preset--spacing--50)\">Spozn\u00e1vate sa v tom? <\/h2>\n\n\n\n<h3 class=\"wp-block-heading has-text-align-center has-ast-global-color-4-color has-text-color has-link-color wp-elements-574e5cb43d5ee42b8c74e708b027694d\">Potom je tento e-book ur\u010den\u00fd pre v\u00e1s.<\/h3>\n\n\n\n<ul class=\"wp-block-list has-ast-global-color-4-color has-text-color has-link-color wp-elements-66e66d27f6a92580b0796deedc4aa891\">\n<li>Pr\u00edprava nov\u00e9ho projektu alebo strat\u00e9gie<\/li>\n\n\n\n<li>M\u00e1te n\u00e1pad, ale ch\u00fdba v\u00e1m \u0161trukt\u00fara<\/li>\n\n\n\n<li>Pred investovan\u00edm \u010dasu a pe\u0148az\u00ed chcete z\u00edska\u0165 sp\u00e4tn\u00fa v\u00e4zbu<\/li>\n\n\n\n<li>Vediete t\u00edm a potrebujete si overi\u0165 smerovanie<\/li>\n\n\n\n<li>Ste unaven\u00ed zo strat\u00e9gi\u00ed len &#8222;na papieri&#8220;.<\/li>\n<\/ul>\n<\/div><\/div>\n\n\n\n<h2 class=\"wp-block-heading has-text-align-center has-ast-global-color-4-color has-ast-global-color-2-background-color has-text-color has-background has-link-color wp-elements-1c3bf0bfd800e295e931ea0134f3935e\" style=\"padding-top:var(--wp--preset--spacing--60)\"><br>\u010co z\u00edskate za 15 min\u00fat \u010d\u00edtania?<\/h2>\n\n\n\n<div class=\"wp-block-uagb-container uagb-block-f99f0993 alignfull uagb-is-root-container\"><div class=\"uagb-container-inner-blocks-wrap\">\n<div class=\"wp-block-uagb-container uagb-block-7ea08996\">\n<div class=\"wp-block-uagb-image uagb-block-c16a1488 wp-block-uagb-image--layout-default wp-block-uagb-image--effect-static wp-block-uagb-image--align-none\"><figure class=\"wp-block-uagb-image__figure\"><img decoding=\"async\" srcset=\"https:\/\/strate9y.com\/wp-content\/smush-webp\/ebook5-700x525.jpg.webp ,https:\/\/strate9y.com\/wp-content\/smush-webp\/ebook5.jpg.webp 780w, https:\/\/strate9y.com\/wp-content\/smush-webp\/ebook5.jpg.webp 360w\" sizes=\"auto, (max-width: 480px) 150px\" src=\"https:\/\/strate9y.com\/wp-content\/smush-webp\/ebook5-700x525.jpg.webp\" alt=\"ebook\" class=\"uag-image-22085\" width=\"700\" height=\"525\" title=\"ebook5\" loading=\"lazy\" role=\"img\" data-smush-webp-fallback=\"{&quot;src&quot;:&quot;https:\\\/\\\/strate9y.com\\\/wp-content\\\/uploads\\\/ebook5-700x525.jpg&quot;,&quot;srcset&quot;:&quot;https:\\\/\\\/strate9y.com\\\/wp-content\\\/uploads\\\/ebook5-700x525.jpg ,https:\\\/\\\/strate9y.com\\\/wp-content\\\/uploads\\\/ebook5.jpg 780w, https:\\\/\\\/strate9y.com\\\/wp-content\\\/uploads\\\/ebook5.jpg 360w&quot;}\" \/><\/figure><\/div>\n<\/div>\n\n\n\n<div class=\"wp-block-uagb-container uagb-block-48366fa5\">\n<p class=\"has-ast-global-color-4-color has-text-color has-link-color wp-elements-c624409803cc845e2369c6c9f2743c8f\"><br>5 testovac\u00edch met\u00f3d, ktor\u00e9 v\u00e1m pom\u00f4\u017eu :<\/p>\n\n\n\n<ol class=\"wp-block-list has-ast-global-color-4-color has-text-color has-link-color wp-elements-1eed8fc11affa6e81ca53a3ecccc3da6\">\n<li>Z\u00edskajte ostr\u00fa a kon\u0161trukt\u00edvnu sp\u00e4tn\u00fa v\u00e4zbu<\/li>\n\n\n\n<li>Pomenova\u0165 slab\u00e9 a siln\u00e9 str\u00e1nky<\/li>\n\n\n\n<li>Pr\u00edprava na kr\u00edzov\u00e9 scen\u00e1re<\/li>\n\n\n\n<li>Overenie zmysluplnosti cie\u013eov<\/li>\n\n\n\n<li>Zapojenie t\u00edmu a budovanie d\u00f4very v pl\u00e1n<\/li>\n<\/ol>\n\n\n\n<p class=\"has-ast-global-color-4-color has-text-color has-link-color wp-elements-35c7bfbd3ef85af642343867399a000d\">Ka\u017ed\u00e1 met\u00f3da je jednoduch\u00e1, konkr\u00e9tna a okam\u017eite pou\u017eite\u013en\u00e1. Testovanie nie je kritika &#8211; je to prevencia zlyhania. <\/p>\n<\/div>\n<\/div><\/div>\n\n\n\n<div class=\"wp-block-group has-ast-global-color-2-background-color has-background is-layout-constrained wp-block-group-is-layout-constrained\">\n<h2 class=\"wp-block-heading has-text-align-center has-ast-global-color-4-color has-ast-global-color-2-background-color has-text-color has-background has-link-color wp-elements-3a5f3ad3408d251b598dd4472a6cdbb6\" style=\"padding-top:var(--wp--preset--spacing--60);padding-bottom:0\">\u010co hovoria ostatn\u00ed<\/h2>\n\n\n\n<div class=\"wp-block-uagb-testimonial uagb-slick-carousel uagb-tm__arrow-outside uagb-block-a74f85f7\"><div class=\"is-carousel uagb-tm__columns-1 uagb-tm__items\"><div class=\"uagb-testimonial__wrap  uagb-tm__imgicon-style-circle uagb-tm__image-position-bottom uagb-tm__bg-type-color \"><div class=\"uagb-tm__content\"><div class=\"uagb-tm__overlay\"><\/div><div class=\"uagb-tm__text-wrap\"><div class=\"uagb-tm__desc\"><br>Nikdy jsem moc ne\u0159\u00edkala sv\u016fj n\u00e1zor, ale d\u00edky jedn\u00e9 z metod v e-booku jsem se kone\u010dn\u011b ozvala \u2013 a na\u0161i strategii to tot\u00e1ln\u011b posunulo.<\/div><div class=\"uagb-tm__meta-inner\"><div class=\"uagb-testimonial-details\"><span class=\"uagb-tm__author-name\">Zuzana <\/span><span class=\"uagb-tm__company\">Majitelka mobiln\u00edch kav\u00e1ren<\/span><\/div><\/div><\/div><\/div><\/div><div class=\"uagb-testimonial__wrap  uagb-tm__imgicon-style-circle uagb-tm__image-position-bottom uagb-tm__bg-type-color \"><div class=\"uagb-tm__content\"><div class=\"uagb-tm__overlay\"><\/div><div class=\"uagb-tm__text-wrap\"><div class=\"uagb-tm__desc\"><br>\u201eD\u00edky tomu, co jsem se dozv\u011bd\u011bl, jsem si ujasnil, \u017ee moje strategie m\u00e1 opravdu potenci\u00e1l. Gamechanger!\u201c<\/div><div class=\"uagb-tm__meta-inner\"><div class=\"uagb-testimonial-details\"><span class=\"uagb-tm__author-name\">Ivan <\/span><span class=\"uagb-tm__company\"><br>Tom\u00e1\u0161, podnikatel &amp; \u0161kolitel<\/span><\/div><\/div><\/div><\/div><\/div><div class=\"uagb-testimonial__wrap  uagb-tm__imgicon-style-circle uagb-tm__image-position-bottom uagb-tm__bg-type-color \"><div class=\"uagb-tm__content\"><div class=\"uagb-tm__overlay\"><\/div><div class=\"uagb-tm__text-wrap\"><div class=\"uagb-tm__desc\"><br>Pomohlo n\u00e1m to srovnat chaos v hlav\u00e1ch je\u0161t\u011b p\u0159ed meetingem.<\/div><div class=\"uagb-tm__meta-inner\"><div class=\"uagb-testimonial-details\"><span class=\"uagb-tm__author-name\">Zdenka<\/span><span class=\"uagb-tm__company\">Projektov\u00e1 mana\u017eerka<\/span><\/div><\/div><\/div><\/div><\/div><\/div><\/div>\n<\/div>\n\n\n\n<h2 class=\"wp-block-heading has-text-align-center has-ast-global-color-4-color has-ast-global-color-2-background-color has-text-color has-background has-link-color wp-elements-9ee414d8129f4b8822b6c1a79ea8460f\" style=\"padding-top:var(--wp--preset--spacing--50)\">O autorke<\/h2>\n\n\n\n<div class=\"wp-block-uagb-container uagb-block-739fed37 alignfull uagb-is-root-container\"><div class=\"uagb-container-inner-blocks-wrap\">\n<div class=\"wp-block-uagb-container uagb-block-39fb03a3\">\n<div class=\"wp-block-uagb-image uagb-block-bfa4d7c3 wp-block-uagb-image--layout-default wp-block-uagb-image--effect-static wp-block-uagb-image--align-none\"><figure class=\"wp-block-uagb-image__figure\"><a class=\"\" href=\"https:\/\/www.linkedin.com\/in\/hana-krchova\/\" target=\"\" rel=\"noopener\"><img decoding=\"async\" srcset=\"https:\/\/strate9y.com\/wp-content\/smush-webp\/2023\/10\/hana-krchova.jpg.webp ,https:\/\/strate9y.com\/wp-content\/smush-webp\/2023\/10\/hana-krchova.jpg.webp 780w, https:\/\/strate9y.com\/wp-content\/smush-webp\/2023\/10\/hana-krchova.jpg.webp 360w\" sizes=\"auto, (max-width: 480px) 150px\" src=\"https:\/\/strate9y.com\/wp-content\/smush-webp\/2023\/10\/hana-krchova.jpg.webp\" alt=\"hana krchova\" class=\"uag-image-40\" width=\"675\" height=\"675\" title=\"hana krchova\" loading=\"lazy\" role=\"img\" data-smush-webp-fallback=\"{&quot;src&quot;:&quot;https:\\\/\\\/strate9y.com\\\/wp-content\\\/uploads\\\/2023\\\/10\\\/hana-krchova.jpg&quot;,&quot;srcset&quot;:&quot;https:\\\/\\\/strate9y.com\\\/wp-content\\\/uploads\\\/2023\\\/10\\\/hana-krchova.jpg ,https:\\\/\\\/strate9y.com\\\/wp-content\\\/uploads\\\/2023\\\/10\\\/hana-krchova.jpg 780w, https:\\\/\\\/strate9y.com\\\/wp-content\\\/uploads\\\/2023\\\/10\\\/hana-krchova.jpg 360w&quot;}\" \/><\/a><\/figure><\/div>\n\n\n\n<div class=\"wp-block-uagb-social-share uagb-social-share__outer-wrap uagb-social-share__layout-horizontal uagb-block-377e7bbc\">\n<div class=\"wp-block-uagb-social-share-child uagb-ss-repeater uagb-ss__wrapper uagb-block-3c5d1069\"><span class=\"uagb-ss__link\" data-href=\"https:\/\/www.linkedin.com\/shareArticle?url=\" tabindex=\"0\" role=\"button\" aria-label=\"linkedin\"><span class=\"uagb-ss__source-wrap\"><span class=\"uagb-ss__source-icon\"><svg xmlns=\"https:\/\/www.w3.org\/2000\/svg\" viewBox=\"0 0 448 512\"><path d=\"M416 32H31.9C14.3 32 0 46.5 0 64.3v383.4C0 465.5 14.3 480 31.9 480H416c17.6 0 32-14.5 32-32.3V64.3c0-17.8-14.4-32.3-32-32.3zM135.4 416H69V202.2h66.5V416zm-33.2-243c-21.3 0-38.5-17.3-38.5-38.5S80.9 96 102.2 96c21.2 0 38.5 17.3 38.5 38.5 0 21.3-17.2 38.5-38.5 38.5zm282.1 243h-66.4V312c0-24.8-.5-56.7-34.5-56.7-34.6 0-39.9 27-39.9 54.9V416h-66.4V202.2h63.7v29.2h.9c8.9-16.8 30.6-34.5 62.9-34.5 67.2 0 79.7 44.3 79.7 101.9V416z\"><\/path><\/svg><\/span><\/span><\/span><\/div>\n<\/div>\n<\/div>\n\n\n\n<div class=\"wp-block-uagb-container uagb-block-4b278e5d\">\n<h3 class=\"wp-block-heading mensi-mezera\"><strong>Hana Krchov\u00e1<\/strong><\/h3>\n\n\n\n<p>Strategick\u00e1 kou\u010dka, lektorka a vysoko\u0161kolsk\u00e1 pedag\u00f3\u017eka. Autorka met\u00f3dy STRATE9Y a stolovej hry STRATE9Y GAME. Pom\u00e1ha \u013eu\u010fom a firm\u00e1m vytv\u00e1ra\u0165 strat\u00e9gie, ktor\u00e9 maj\u00fa zmysel &#8211; a obstojia v realite.  <\/p>\n\n\n\n<div class=\"wp-block-uagb-blockquote uagb-block-5c67e77d uagb-blockquote__skin-border uagb-blockquote__stack-img-none\"><blockquote class=\"uagb-blockquote\"><div class=\"uagb-blockquote__content\">Tento e-book vznikl z praxe. Neu\u010d\u00edm, co nefunguje \u2013 testuji to denn\u011b se sv\u00fdmi klienty.<\/div><footer><div class=\"uagb-blockquote__author-wrap uagb-blockquote__author-at-left\"><cite class=\"uagb-blockquote__author\">Hana Krchov\u00e1<\/cite><\/div><\/footer><\/blockquote><\/div>\n<\/div>\n<\/div><\/div>\n\n\n\n<div id=\"ebook\" class=\"wp-block-uagb-container uagb-block-ad19b0d0 alignfull uagb-is-root-container\"><div class=\"uagb-container-inner-blocks-wrap\">\n<div class=\"wp-block-uagb-container uagb-block-dd8c657f\">\n<div class=\"wp-block-columns is-layout-flex wp-container-core-columns-is-layout-28f84493 wp-block-columns-is-layout-flex\">\n<div class=\"wp-block-column is-layout-flow wp-block-column-is-layout-flow\" style=\"flex-basis:100%\">\n<div class=\"wp-block-columns is-layout-flex wp-container-core-columns-is-layout-28f84493 wp-block-columns-is-layout-flex\">\n<div class=\"wp-block-column is-layout-flow wp-block-column-is-layout-flow\" style=\"flex-basis:100%\">\n<h2 class=\"wp-block-heading has-text-align-center\">Z\u00edskajte e-book zadarmo <\/h2>\n\n\n\n<div class=\"wp-block-group is-layout-constrained wp-block-group-is-layout-constrained\">\n<p>Nedovo\u013ete, aby va\u0161a strat\u00e9gia zlyhala len preto, \u017ee nebola otestovan\u00e1.<\/p>\n<\/div>\n<\/div>\n<\/div>\n<\/div>\n<\/div>\n\n\n\n<div class=\"wp-block-uagb-image uagb-block-dfb3c95e wp-block-uagb-image--layout-default wp-block-uagb-image--effect-static wp-block-uagb-image--align-none\"><figure class=\"wp-block-uagb-image__figure\"><img decoding=\"async\" srcset=\"https:\/\/strate9y.com\/wp-content\/smush-webp\/ebook-zdarma-700x525.jpg.webp ,https:\/\/strate9y.com\/wp-content\/smush-webp\/ebook-zdarma.jpg.webp 780w, https:\/\/strate9y.com\/wp-content\/smush-webp\/ebook-zdarma.jpg.webp 360w\" sizes=\"auto, (max-width: 480px) 150px\" src=\"https:\/\/strate9y.com\/wp-content\/smush-webp\/ebook-zdarma-700x525.jpg.webp\" alt=\"\" class=\"uag-image-22196\" width=\"700\" height=\"525\" title=\"ebook - zdarma\" loading=\"lazy\" role=\"img\" data-smush-webp-fallback=\"{&quot;src&quot;:&quot;https:\\\/\\\/strate9y.com\\\/wp-content\\\/uploads\\\/ebook-zdarma-700x525.jpg&quot;,&quot;srcset&quot;:&quot;https:\\\/\\\/strate9y.com\\\/wp-content\\\/uploads\\\/ebook-zdarma-700x525.jpg ,https:\\\/\\\/strate9y.com\\\/wp-content\\\/uploads\\\/ebook-zdarma.jpg 780w, https:\\\/\\\/strate9y.com\\\/wp-content\\\/uploads\\\/ebook-zdarma.jpg 360w&quot;}\"><\/figure><\/div>\n<\/div>\n\n\n\n<div class=\"wp-block-uagb-container uagb-block-f61f8c0d\">\n<p>Z\u00edskate praktick\u00e9, v praxi overen\u00e9 pokyny. \u017diadne pr\u00e1zdne slov\u00e1, len \u010dist\u00e1 strat\u00e9gia. <\/p>\n\n\n<p><script>\n        (function (w,d,s,o,f,js,fjs) {\n            w['ecm-widget']=o;w[o] = w[o] || function () { (w[o].q = w[o].q || []).push(arguments) };\n            js = d.createElement(s), fjs = d.getElementsByTagName(s)[0];\n            js.id = '41-953f496ac5673ddde7baea9524f440d7'; js.dataset.a = 'strate9ycom'; js.src = f; js.async = 1; fjs.parentNode.insertBefore(js, fjs);\n        }(window, document, 'script', 'ecmwidget', 'https:\/\/d70shl7vidtft.cloudfront.net\/widget.js'));\n    <\/script><\/p>\n<div id=\"f-41-953f496ac5673ddde7baea9524f440d7\"><\/div>\n\n\n\n<p><br>Va\u0161e \u00fadaje s\u00fa u n\u00e1s v bezpe\u010d\u00ed. \u017diadny spam, len hodnotn\u00fd obsah. <\/p>\n<\/div>\n<\/div><\/div>\n\n\n<div data-spectra-id=\"spectra-mp8ghzh6-qmo1ll\"\tstyle=\"overflow: visible; --spectra-text-color: ast-global-color-4; --spectra-background-color: #000000;\" class=\"spectra-is-root-container alignfull spectra-overlay-color spectra-overflow spectra-text-color spectra-background-color wp-elements-95572f9f270a02beda47afb5cfaefb77 wp-block-spectra-container has-text-color has-ast-global-color-4-color\" data-orientation=\"vertical\"\t>\n\t\n\n<h2 class=\"wp-block-heading has-text-align-center has-ast-global-color-4-color has-ast-global-color-3-background-color has-text-color has-background has-link-color wp-elements-0e8608bace2d1f2b1c6d680c0eb4b9ee\"><br>Chcete svoju strat\u00e9giu otestova\u0165 na\u017eivo? Zahrajte si STRATE9Y GAME <\/h2>\n\n\n\n<p class=\"has-text-align-center has-ast-global-color-4-color has-ast-global-color-2-background-color has-text-color has-background has-link-color wp-elements-b1b64cc02c55ed5ece208e232a62bbfc\">Papier znesie v\u0161etko. T\u00e1to hra v\u00e1s v\u0161ak nau\u010d\u00ed, \u010di to, \u010do m\u00e1te na papieri, obstoj\u00ed aj v realite. <\/p>\n\n\n\n<p class=\"has-text-align-center has-ast-global-color-4-color has-ast-global-color-8-background-color has-text-color has-background has-link-color wp-elements-4ac4f92df03fb3b7df49808652392205\">STRATE9Y GAME je strategick\u00e1 stolov\u00e1 hra, ktor\u00e1 otestuje ka\u017ed\u00fd n\u00e1pad sk\u00f4r, ako do neho investujete \u010das a peniaze.<\/p>\n\n\n\n<div class=\"wp-block-uagb-container uagb-block-53b2dfe1 alignfull uagb-is-root-container\"><div class=\"uagb-container-inner-blocks-wrap\">\n<div class=\"wp-block-uagb-container uagb-block-8f387cdc\">\n<div class=\"wp-block-uagb-image uagb-block-c84a384d wp-block-uagb-image--layout-default wp-block-uagb-image--effect-static wp-block-uagb-image--align-none\"><figure class=\"wp-block-uagb-image__figure\"><a class=\"\" href=\"\/strate9y-game\" target=\"\" rel=\"noopener\"><img decoding=\"async\" src=\"https:\/\/strate9y.com\/wp-content\/smush-webp\/strate9ygame-700x394.jpg.webp\" alt=\"strategick\u00e1 hra\" class=\"uag-image-21782\" width=\"700\" height=\"394\" title=\"strate9ygame\" loading=\"lazy\" role=\"img\" data-smush-webp-fallback=\"{&quot;src&quot;:&quot;https:\\\/\\\/strate9y.com\\\/wp-content\\\/uploads\\\/strate9ygame-700x394.jpg&quot;}\" \/><\/a><\/figure><\/div>\n<\/div>\n\n\n\n<div class=\"wp-block-uagb-container uagb-block-0c1ded65\">\n<h2 class=\"wp-block-heading\">\u010co z hry z\u00edskate:<\/h2>\n\n\n\n<ul class=\"wp-block-list\">\n<li>Z\u00edskate sp\u00e4tn\u00fa v\u00e4zbu, ktor\u00fa by ste za norm\u00e1lnych okolnost\u00ed nedostali.<\/li>\n\n\n\n<li>N\u00e1pad m\u00f4\u017eete otestova\u0165 bez toho, aby ste ho museli vysvet\u013eova\u0165 investorovi.<\/li>\n\n\n\n<li>\u010ci v\u00e1\u0161 pl\u00e1n vydr\u017e\u00ed&#8230; alebo sa rozpadne, sa dozviete v 3. kole. <\/li>\n\n\n\n<li>A \u010do je najd\u00f4le\u017eitej\u0161ie: z\u00edskate odvahu prezentova\u0165 ju verejne. <\/li>\n<\/ul>\n<\/div>\n<\/div><\/div>\n\n\n\n<div class=\"wp-block-columns is-layout-flex wp-container-core-columns-is-layout-28f84493 wp-block-columns-is-layout-flex\">\n<div class=\"wp-block-column is-layout-flow wp-block-column-is-layout-flow\" style=\"flex-basis:100%\">\n<blockquote class=\"wp-block-quote is-layout-flow wp-block-quote-is-layout-flow\">\n<h2 class=\"wp-block-heading\">Toto nie je len stolov\u00e1 hra. Je to zrkadlo pre va\u0161u strat\u00e9giu. <\/h2>\n<\/blockquote>\n<\/div>\n<\/div>\n\n\n\n<div class=\"wp-block-uagb-buttons uagb-buttons__outer-wrap uagb-btn__default-btn uagb-btn-tablet__default-btn uagb-btn-mobile__default-btn uagb-block-c1d1cc07\"><div class=\"uagb-buttons__wrap uagb-buttons-layout-wrap \">\n<div class=\"wp-block-uagb-buttons-child uagb-buttons__outer-wrap uagb-block-f0cb8fc0 wp-block-button\"><div class=\"uagb-button__wrapper\"><a class=\"uagb-buttons-repeater wp-block-button__link\" aria-label=\"\" href=\"\/strate9y-game\/\" rel=\"follow noopener\" target=\"_blank\" role=\"button\"><div class=\"uagb-button__link\">Chci si zahr\u00e1t STRATE9Y GAME<\/div><\/a><\/div><\/div>\n<\/div><\/div>\n\n<\/div>\n","protected":false},"excerpt":{"rendered":"<p>Spozn\u00e1vate sa v tom? Potom je tento e-book ur\u010den\u00fd pre v\u00e1s. \u010co z\u00edskate za 15 min\u00fat \u010d\u00edtania? 5 testovac\u00edch met\u00f3d, [&hellip;]<\/p>\n","protected":false},"author":1,"featured_media":32560,"parent":0,"menu_order":0,"comment_status":"closed","ping_status":"closed","template":"","meta":{"_acf_changed":false,"_eb_attr":"","_uag_custom_page_level_css":"","site-sidebar-layout":"default","site-content-layout":"","ast-site-content-layout":"","site-content-style":"default","site-sidebar-style":"default","ast-global-header-display":"","ast-banner-title-visibility":"","ast-main-header-display":"","ast-hfb-above-header-display":"","ast-hfb-below-header-display":"","ast-hfb-mobile-header-display":"","site-post-title":"","ast-breadcrumbs-content":"disabled","ast-featured-img":"","footer-sml-layout":"","ast-disable-related-posts":"","theme-transparent-header-meta":"enabled","adv-header-id-meta":"","stick-header-meta":"disabled","header-above-stick-meta":"","header-main-stick-meta":"","header-below-stick-meta":"","astra-migrate-meta-layouts":"default","ast-page-background-enabled":"default","ast-page-background-meta":{"desktop":{"background-color":"var(--ast-global-color-5)","background-image":"","background-repeat":"repeat","background-position":"center center","background-size":"auto","background-attachment":"scroll","background-type":"","background-media":"","overlay-type":"","overlay-color":"","overlay-opacity":"","overlay-gradient":""},"tablet":{"background-color":"","background-image":"","background-repeat":"repeat","background-position":"center center","background-size":"auto","background-attachment":"scroll","background-type":"","background-media":"","overlay-type":"","overlay-color":"","overlay-opacity":"","overlay-gradient":""},"mobile":{"background-color":"","background-image":"","background-repeat":"repeat","background-position":"center center","background-size":"auto","background-attachment":"scroll","background-type":"","background-media":"","overlay-type":"","overlay-color":"","overlay-opacity":"","overlay-gradient":""}},"ast-content-background-meta":{"desktop":{"background-color":"var(--ast-global-color-4)","background-image":"","background-repeat":"repeat","background-position":"center center","background-size":"auto","background-attachment":"scroll","background-type":"","background-media":"","overlay-type":"","overlay-color":"","overlay-opacity":"","overlay-gradient":""},"tablet":{"background-color":"var(--ast-global-color-4)","background-image":"","background-repeat":"repeat","background-position":"center center","background-size":"auto","background-attachment":"scroll","background-type":"","background-media":"","overlay-type":"","overlay-color":"","overlay-opacity":"","overlay-gradient":""},"mobile":{"background-color":"var(--ast-global-color-4)","background-image":"","background-repeat":"repeat","background-position":"center center","background-size":"auto","background-attachment":"scroll","background-type":"","background-media":"","overlay-type":"","overlay-color":"","overlay-opacity":"","overlay-gradient":""}},"footnotes":""},"class_list":["post-22317","page","type-page","status-publish","has-post-thumbnail","hentry"],"acf":[],"featured_image_src":"https:\/\/strate9y.com\/wp-content\/uploads\/ebook-zdarma.jpg","uagb_featured_image_src":{"full":["https:\/\/strate9y.com\/wp-content\/uploads\/ebook-zdarma.jpg",800,600,false],"thumbnail":["https:\/\/strate9y.com\/wp-content\/uploads\/ebook-zdarma-150x113.jpg",150,113,true],"medium":["https:\/\/strate9y.com\/wp-content\/uploads\/ebook-zdarma-300x225.jpg",300,225,true],"medium_large":["https:\/\/strate9y.com\/wp-content\/uploads\/ebook-zdarma-768x576.jpg",768,576,true],"large":["https:\/\/strate9y.com\/wp-content\/uploads\/ebook-zdarma-700x525.jpg",700,525,true],"1536x1536":["https:\/\/strate9y.com\/wp-content\/uploads\/ebook-zdarma.jpg",800,600,false],"2048x2048":["https:\/\/strate9y.com\/wp-content\/uploads\/ebook-zdarma.jpg",800,600,false]},"uagb_author_info":{"display_name":"Hana Krchov\u00e1","author_link":"https:\/\/strate9y.com\/sk\/autor\/admin\/"},"uagb_comment_info":0,"uagb_excerpt":"Spozn\u00e1vate sa v tom? Potom je tento e-book ur\u010den\u00fd pre v\u00e1s. \u010co z\u00edskate za 15 min\u00fat \u010d\u00edtania? 5 testovac\u00edch met\u00f3d, [&hellip;]","_links":{"self":[{"href":"https:\/\/strate9y.com\/sk\/wp-json\/wp\/v2\/pages\/22317","targetHints":{"allow":["GET"]}}],"collection":[{"href":"https:\/\/strate9y.com\/sk\/wp-json\/wp\/v2\/pages"}],"about":[{"href":"https:\/\/strate9y.com\/sk\/wp-json\/wp\/v2\/types\/page"}],"author":[{"embeddable":true,"href":"https:\/\/strate9y.com\/sk\/wp-json\/wp\/v2\/users\/1"}],"replies":[{"embeddable":true,"href":"https:\/\/strate9y.com\/sk\/wp-json\/wp\/v2\/comments?post=22317"}],"version-history":[{"count":2,"href":"https:\/\/strate9y.com\/sk\/wp-json\/wp\/v2\/pages\/22317\/revisions"}],"predecessor-version":[{"id":33450,"href":"https:\/\/strate9y.com\/sk\/wp-json\/wp\/v2\/pages\/22317\/revisions\/33450"}],"wp:featuredmedia":[{"embeddable":true,"href":"https:\/\/strate9y.com\/sk\/wp-json\/wp\/v2\/media\/32560"}],"wp:attachment":[{"href":"https:\/\/strate9y.com\/sk\/wp-json\/wp\/v2\/media?parent=22317"}],"curies":[{"name":"wp","href":"https:\/\/api.w.org\/{rel}","templated":true}]}}