{"id":18793,"date":"2023-10-25T16:17:47","date_gmt":"2023-10-25T14:17:47","guid":{"rendered":"https:\/\/strate9y.com\/?page_id=18793"},"modified":"2025-09-18T13:32:26","modified_gmt":"2025-09-18T11:32:26","slug":"rozcestnik-kurzov","status":"publish","type":"page","link":"https:\/\/strate9y.com\/sk\/rozcestnik-kurzov\/","title":{"rendered":"Rozcestn\u00edk kurzov"},"content":{"rendered":"\n<div class=\"wp-block-uagb-container uagb-block-szxczayz alignwide uagb-is-root-container\">\n<div class=\"wp-block-uagb-info-box uagb-block-plgeyrps uagb-infobox__content-wrap  uagb-infobox-icon-above-title uagb-infobox-image-valign-top\"><div class=\"uagb-ifb-content\"><div class=\"uagb-ifb-title-wrap\"><h1 class=\"uagb-ifb-title\">Kurzy<\/h1><\/div><\/div><\/div>\n<\/div>\n\n\n\n<div class=\"wp-block-group has-border-color has-ast-global-color-5-background-color has-background is-layout-constrained wp-container-core-group-is-layout-72855403 wp-block-group-is-layout-constrained\" style=\"border-color:var(--ast-global-color-5);border-width:3px;margin-top:var(--wp--preset--spacing--40);margin-bottom:var(--wp--preset--spacing--40);padding-top:var(--wp--preset--spacing--60);padding-right:var(--wp--preset--spacing--60);padding-bottom:var(--wp--preset--spacing--60);padding-left:var(--wp--preset--spacing--60)\">\n<div class=\"wp-block-columns has-ast-global-color-4-background-color has-background is-layout-flex wp-container-core-columns-is-layout-28f84493 wp-block-columns-is-layout-flex\">\n<div class=\"wp-block-column has-ast-global-color-4-background-color has-background is-layout-flow wp-block-column-is-layout-flow\" style=\"flex-basis:50%\">\n<div class=\"wp-block-uagb-container uagb-block-e3dd578b alignfull uagb-is-root-container\"><div class=\"uagb-container-inner-blocks-wrap\">\n<div class=\"wp-block-uagb-image uagb-block-8ce1d577 wp-block-uagb-image--layout-default wp-block-uagb-image--effect-static wp-block-uagb-image--align-none\"><figure class=\"wp-block-uagb-image__figure\"><img decoding=\"async\" srcset=\"https:\/\/strate9y.com\/wp-content\/smush-webp\/kurz-2-300x300.jpg.webp ,https:\/\/strate9y.com\/wp-content\/smush-webp\/kurz-2-300x300.jpg.webp 780w, https:\/\/strate9y.com\/wp-content\/smush-webp\/kurz-2-300x300.jpg.webp 360w\" sizes=\"auto, (max-width: 480px) 150px\" src=\"https:\/\/strate9y.com\/wp-content\/smush-webp\/kurz-2-300x300.jpg.webp\" alt=\"workshop - strattegie pro \u017eivot jak\u00fd si p\u0159ejete\" class=\"uag-image-25057\" width=\"300\" height=\"300\" title=\"workshop\" loading=\"lazy\" role=\"img\" data-smush-webp-fallback=\"{&quot;src&quot;:&quot;https:\\\/\\\/strate9y.com\\\/wp-content\\\/uploads\\\/kurz-2-300x300.jpg&quot;,&quot;srcset&quot;:&quot;https:\\\/\\\/strate9y.com\\\/wp-content\\\/uploads\\\/kurz-2-300x300.jpg ,https:\\\/\\\/strate9y.com\\\/wp-content\\\/uploads\\\/kurz-2-300x300.jpg 780w, https:\\\/\\\/strate9y.com\\\/wp-content\\\/uploads\\\/kurz-2-300x300.jpg 360w&quot;}\" \/><\/figure><\/div>\n<\/div><\/div>\n<\/div>\n\n\n\n<div class=\"wp-block-column is-layout-flow wp-block-column-is-layout-flow\" style=\"flex-basis:50%\">\n<div class=\"wp-block-uagb-info-box uagb-block-29b6a338 uagb-infobox__content-wrap  uagb-infobox-icon-above-title uagb-infobox-image-valign-top\"><div class=\"uagb-ifb-content\"><div class=\"uagb-ifb-title-wrap\"><span class=\"uagb-ifb-title-prefix\"><br>Online workshop zadarmo<br><strong>26.6.2025 18:00<\/strong><\/span><h3 class=\"uagb-ifb-title\">Strat\u00e9gia pre \u017eivot, ktor\u00fd chcete<\/h3><\/div><div class=\"uagb-ifb-desc\">\n<p>\u010co keby 90 min\u00fat sta\u010dilo na to, aby ste si ujasnili smer svojho \u017eivota?<\/p>\n\n\n\n<p><\/p>\n<\/div><div class=\"uagb-ifb-button-wrapper wp-block-button\"><a href=\"https:\/\/lu.ma\/195i1tk6\" class=\"uagb-infobox-cta-link wp-block-button__link\" target=\"_blank\" rel=\"noopener noreferrer\" onclick=\"return true;\"><span class=\"uagb-inline-editing\">Chci se registrovat<\/span><\/a><\/div><\/div><\/div>\n<\/div>\n<\/div>\n\n\n\n<div class=\"wp-block-uagb-countdown uagb-block-604534a2\"><div class=\"wp-block-uagb-countdown__box wp-block-uagb-countdown__box-days\"><div role=\"timer\" aria-live=\"off\" class=\"wp-block-uagb-countdown__time wp-block-uagb-countdown__time-days\">&#8211;<\/div><div class=\"wp-block-uagb-countdown__label\">Dny<\/div><\/div><div class=\"wp-block-uagb-countdown__box wp-block-uagb-countdown__box-hours\"><div role=\"timer\" aria-live=\"off\" class=\"wp-block-uagb-countdown__time wp-block-uagb-countdown__time-hours\">&#8211;<\/div><div class=\"wp-block-uagb-countdown__label\">Hodiny<\/div><\/div><div class=\"wp-block-uagb-countdown__box wp-block-uagb-countdown__box-minutes\"><div role=\"timer\" aria-live=\"off\" class=\"wp-block-uagb-countdown__time wp-block-uagb-countdown__time-minutes\">&#8211;<\/div><div class=\"wp-block-uagb-countdown__label\">Minuty<\/div><\/div><div class=\"wp-block-uagb-countdown__box wp-block-uagb-countdown__box-seconds\"><div role=\"timer\" aria-live=\"off\" class=\"wp-block-uagb-countdown__time wp-block-uagb-countdown__time-seconds\">&#8211;<\/div><div class=\"wp-block-uagb-countdown__label\">SECONDS<\/div><\/div><\/div>\n\n\n\n<div class=\"wp-block-uagb-separator uagb-block-2b1b4234\"><div class=\"uagb-separator-spacing-wrapper\"><div class=\"wp-block-uagb-separator__inner\" style=\"--my-background-image:\"><\/div><\/div><\/div>\n\n\n\n<div class=\"wp-block-columns is-layout-flex wp-container-core-columns-is-layout-28f84493 wp-block-columns-is-layout-flex\">\n<div class=\"wp-block-column is-layout-flow wp-block-column-is-layout-flow\" style=\"flex-basis:33.33%\">\n<figure data-spectra-id=\"spectra-6597b2fc-4e2c-4b41-bb1d-db1ab56a9a8f\" class=\"wp-block-image aligncenter size-full is-resized\"><img loading=\"lazy\" decoding=\"async\" width=\"810\" height=\"810\" src=\"https:\/\/strate9y.com\/wp-content\/smush-webp\/strategicke-mysleni.png.webp\" alt=\"personal branding\" class=\"wp-image-8793\" title=\"\" srcset=\"https:\/\/strate9y.com\/wp-content\/smush-webp\/strategicke-mysleni.png.webp 810w, https:\/\/strate9y.com\/wp-content\/smush-webp\/strategicke-mysleni-300x300.png.webp 300w, https:\/\/strate9y.com\/wp-content\/smush-webp\/strategicke-mysleni-700x700.png.webp 700w, https:\/\/strate9y.com\/wp-content\/smush-webp\/strategicke-mysleni-150x150.png.webp 150w, https:\/\/strate9y.com\/wp-content\/smush-webp\/strategicke-mysleni-768x768.png.webp 768w\" sizes=\"auto, (max-width: 810px) 100vw, 810px\" data-smush-webp-fallback=\"{&quot;src&quot;:&quot;https:\\\/\\\/strate9y.com\\\/wp-content\\\/uploads\\\/strategicke-mysleni.png&quot;,&quot;srcset&quot;:&quot;https:\\\/\\\/strate9y.com\\\/wp-content\\\/uploads\\\/strategicke-mysleni.png 810w, https:\\\/\\\/strate9y.com\\\/wp-content\\\/uploads\\\/strategicke-mysleni-300x300.png 300w, https:\\\/\\\/strate9y.com\\\/wp-content\\\/uploads\\\/strategicke-mysleni-700x700.png 700w, https:\\\/\\\/strate9y.com\\\/wp-content\\\/uploads\\\/strategicke-mysleni-150x150.png 150w, https:\\\/\\\/strate9y.com\\\/wp-content\\\/uploads\\\/strategicke-mysleni-768x768.png 768w&quot;}\" \/><\/figure>\n<\/div>\n\n\n\n<div class=\"wp-block-column is-layout-flow wp-block-column-is-layout-flow\" style=\"flex-basis:66.66%\">\n<div style=\"height:0px\" aria-hidden=\"true\" class=\"wp-block-spacer\"><\/div>\n\n\n\n<div class=\"wp-block-uagb-call-to-action uagb-block-b7e920c7 wp-block-button\"><div class=\"uagb-cta__wrap\"><h3 class=\"uagb-cta__title\">Biznis Naviga\u010dka\u2122<\/h3><p class=\"uagb-cta__desc\">Podnikanie nie je o tom, aby ste mali v\u0161etko pod kontrolou. Je to o tom vedie\u0165, kedy zr\u00fdchli\u0165, kedy spomali\u0165 &#8211; a ktor\u00fdm smerom sa vyda\u0165.<br>Navig\u00e1cia v\u00e1s nasmeruje spr\u00e1vnym smerom sk\u00f4r, ako sa strat\u00edte vo vlastnom n\u00e1pade. 3 mesa\u010dn\u00fd program s podporou.  <\/p><\/div><div class=\"uagb-cta__buttons\"><a href=\"#\" class=\"uagb-cta__button-link-wrapper wp-block-button__link\" target=\"_self\" rel=\"noopener noreferrer\">vstup do programu<svg xmlns=\"https:\/\/www.w3.org\/2000\/svg\" viewBox=\"0 0 512 512\"><path d=\"M504.3 273.6l-112.1 104c-6.992 6.484-17.18 8.218-25.94 4.406c-8.758-3.812-14.42-12.45-14.42-21.1L351.9 288H32C14.33 288 .0002 273.7 .0002 255.1S14.33 224 32 224h319.9l0-72c0-9.547 5.66-18.19 14.42-22c8.754-3.809 18.95-2.075 25.94 4.41l112.1 104C514.6 247.9 514.6 264.1 504.3 273.6z\"><\/path><\/svg><\/a><\/div><\/div>\n<\/div>\n<\/div>\n\n\n\n<div class=\"wp-block-uagb-separator uagb-block-5c6f793d\"><div class=\"uagb-separator-spacing-wrapper\"><div class=\"wp-block-uagb-separator__inner\" style=\"--my-background-image:\"><\/div><\/div><\/div>\n<\/div>\n\n\n\n<div class=\"wp-block-group is-layout-constrained wp-container-core-group-is-layout-a5588b2a wp-block-group-is-layout-constrained\" style=\"padding-top:var(--wp--preset--spacing--70);padding-right:var(--wp--preset--spacing--50);padding-bottom:var(--wp--preset--spacing--70);padding-left:var(--wp--preset--spacing--50)\">\n<h4 class=\"wp-block-heading has-text-align-center\">Ak chcete zobrazi\u0165 svoje kurzy, prihl\u00e1ste sa&#8230;<\/h4>\n\n\n<div class=\"logged-out has-login-form wp-block-loginout\"><form name=\"loginform\" id=\"loginform\" action=\"https:\/\/strate9y.com\/sk\/wp-login.php\" method=\"post\"><p class=\"login-username\">\n\t\t\t\t<label for=\"user_login\">Prihlasovacie meno alebo e-mailov\u00e1 adresa<\/label>\n\t\t\t\t<input type=\"text\" name=\"log\" id=\"user_login\" autocomplete=\"username\" class=\"input\" value=\"\" size=\"20\" \/>\n\t\t\t<\/p><p class=\"login-password\">\n\t\t\t\t<label for=\"user_pass\">Heslo<\/label>\n\t\t\t\t<input type=\"password\" name=\"pwd\" id=\"user_pass\" autocomplete=\"current-password\" spellcheck=\"false\" class=\"input\" value=\"\" size=\"20\" \/>\n\t\t\t<\/p><p class=\"login-remember\"><label><input name=\"rememberme\" type=\"checkbox\" id=\"rememberme\" value=\"forever\" \/> Zapam\u00e4ta\u0165<\/label><\/p><p class=\"login-submit\">\n\t\t\t\t<input type=\"submit\" name=\"wp-submit\" id=\"wp-submit\" class=\"button button-primary\" value=\"Prihl\u00e1si\u0165 sa\" \/>\n\t\t\t\t<input type=\"hidden\" name=\"redirect_to\" value=\"https:\/\/strate9y.com\/sk\/wp-json\/wp\/v2\/pages\/18793\" \/>\n\t\t\t<\/p><\/form><\/div><\/div>\n\n\n\n<div class=\"wp-block-columns is-layout-flex wp-container-core-columns-is-layout-28f84493 wp-block-columns-is-layout-flex\">\n<div class=\"wp-block-column is-layout-flow wp-block-column-is-layout-flow\" style=\"flex-basis:33.33%\">\n<figure data-spectra-id=\"spectra-84c07ce0-715b-4c46-ae5e-6fdd5d9a7007\" class=\"wp-block-image aligncenter size-full is-resized\"><img loading=\"lazy\" decoding=\"async\" width=\"810\" height=\"810\" src=\"https:\/\/strate9y.com\/wp-content\/smush-webp\/stres-1.png.webp\" alt=\"zvl\u00e1danie stresu\" class=\"wp-image-8791\" title=\"\" srcset=\"https:\/\/strate9y.com\/wp-content\/smush-webp\/stres-1.png.webp 810w, https:\/\/strate9y.com\/wp-content\/smush-webp\/stres-1-300x300.png.webp 300w, https:\/\/strate9y.com\/wp-content\/smush-webp\/stres-1-700x700.png.webp 700w, https:\/\/strate9y.com\/wp-content\/smush-webp\/stres-1-150x150.png.webp 150w, https:\/\/strate9y.com\/wp-content\/smush-webp\/stres-1-768x768.png.webp 768w\" sizes=\"auto, (max-width: 810px) 100vw, 810px\" data-smush-webp-fallback=\"{&quot;src&quot;:&quot;https:\\\/\\\/strate9y.com\\\/wp-content\\\/uploads\\\/stres-1.png&quot;,&quot;srcset&quot;:&quot;https:\\\/\\\/strate9y.com\\\/wp-content\\\/uploads\\\/stres-1.png 810w, https:\\\/\\\/strate9y.com\\\/wp-content\\\/uploads\\\/stres-1-300x300.png 300w, https:\\\/\\\/strate9y.com\\\/wp-content\\\/uploads\\\/stres-1-700x700.png 700w, https:\\\/\\\/strate9y.com\\\/wp-content\\\/uploads\\\/stres-1-150x150.png 150w, https:\\\/\\\/strate9y.com\\\/wp-content\\\/uploads\\\/stres-1-768x768.png 768w&quot;}\" \/><\/figure>\n<\/div>\n\n\n\n<div class=\"wp-block-column is-layout-flow wp-block-column-is-layout-flow\" style=\"flex-basis:66.66%\">\n<div style=\"height:0px\" aria-hidden=\"true\" class=\"wp-block-spacer\"><\/div>\n\n\n\n<div class=\"wp-block-uagb-call-to-action uagb-block-79da28cf wp-block-button\"><div class=\"uagb-cta__wrap\"><h3 class=\"uagb-cta__title\">Time management<\/h3><p class=\"uagb-cta__desc\">Nemus\u00edte st\u00edha\u0165 v\u0161etko. Sta\u010d\u00ed to, na \u010dom skuto\u010dne z\u00e1le\u017e\u00ed. <br>Uk\u00e1\u017eeme v\u00e1m, ako strategicky riadi\u0165 svoj \u010das &#8211; bez v\u00fd\u010ditiek, pre\u0165a\u017eenia a nekone\u010dn\u00fdch zoznamov \u00faloh. Online kurz. <\/p><\/div><div class=\"uagb-cta__buttons\"><a href=\"#\" class=\"uagb-cta__button-link-wrapper wp-block-button__link\" target=\"_self\" rel=\"noopener noreferrer\">Vstup do kurzu<svg xmlns=\"https:\/\/www.w3.org\/2000\/svg\" viewBox=\"0 0 512 512\"><path d=\"M504.3 273.6l-112.1 104c-6.992 6.484-17.18 8.218-25.94 4.406c-8.758-3.812-14.42-12.45-14.42-21.1L351.9 288H32C14.33 288 .0002 273.7 .0002 255.1S14.33 224 32 224h319.9l0-72c0-9.547 5.66-18.19 14.42-22c8.754-3.809 18.95-2.075 25.94 4.41l112.1 104C514.6 247.9 514.6 264.1 504.3 273.6z\"><\/path><\/svg><\/a><\/div><\/div>\n<\/div>\n<\/div>\n\n\n\n<div class=\"wp-block-uagb-separator uagb-block-2d554bec\"><div class=\"uagb-separator-spacing-wrapper\"><div class=\"wp-block-uagb-separator__inner\" style=\"--my-background-image:\"><\/div><\/div><\/div>\n\n\n\n<div class=\"wp-block-columns is-layout-flex wp-container-core-columns-is-layout-28f84493 wp-block-columns-is-layout-flex\">\n<div class=\"wp-block-column is-layout-flow wp-block-column-is-layout-flow\" style=\"flex-basis:33.33%\">\n<figure data-spectra-id=\"spectra-ee13180c-457f-4a71-b9ba-b620c431af88\" class=\"wp-block-image aligncenter size-full is-resized\"><img loading=\"lazy\" decoding=\"async\" width=\"540\" height=\"540\" src=\"https:\/\/strate9y.com\/wp-content\/smush-webp\/lekce-1-TM.png.webp\" alt=\"Time management\" class=\"wp-image-7570\" title=\"\" srcset=\"https:\/\/strate9y.com\/wp-content\/smush-webp\/lekce-1-TM.png.webp 540w, https:\/\/strate9y.com\/wp-content\/smush-webp\/lekce-1-TM-300x300.png.webp 300w, https:\/\/strate9y.com\/wp-content\/smush-webp\/lekce-1-TM-150x150.png.webp 150w\" sizes=\"auto, (max-width: 540px) 100vw, 540px\" data-smush-webp-fallback=\"{&quot;src&quot;:&quot;https:\\\/\\\/strate9y.com\\\/wp-content\\\/uploads\\\/lekce-1-TM.png&quot;,&quot;srcset&quot;:&quot;https:\\\/\\\/strate9y.com\\\/wp-content\\\/uploads\\\/lekce-1-TM.png 540w, https:\\\/\\\/strate9y.com\\\/wp-content\\\/uploads\\\/lekce-1-TM-300x300.png 300w, https:\\\/\\\/strate9y.com\\\/wp-content\\\/uploads\\\/lekce-1-TM-150x150.png 150w&quot;}\" \/><\/figure>\n<\/div>\n\n\n\n<div class=\"wp-block-column is-layout-flow wp-block-column-is-layout-flow\" style=\"flex-basis:66.66%\">\n<div style=\"height:0px\" aria-hidden=\"true\" class=\"wp-block-spacer\"><\/div>\n\n\n\n<div class=\"wp-block-uagb-call-to-action uagb-block-dbf3026e wp-block-button\"><div class=\"uagb-cta__wrap\"><h3 class=\"uagb-cta__title\">Zvl\u00e1danie stresu<\/h3><p class=\"uagb-cta__desc\"><br>Stres nezmizne. M\u00f4\u017eete ho v\u0161ak dosta\u0165 pod kontrolu &#8211; sk\u00f4r, ako za\u010dne ovl\u00e1da\u0165 v\u00e1s.<br>Uk\u00e1\u017eeme v\u00e1m jednoduch\u00e9 z\u00e1sady jasn\u00e9ho myslenia aj pod tlakom. Online kurz.  <\/p><\/div><div class=\"uagb-cta__buttons\"><a href=\"#\" class=\"uagb-cta__button-link-wrapper wp-block-button__link\" target=\"_self\" rel=\"noopener noreferrer\">Vstup do kurzu<svg xmlns=\"https:\/\/www.w3.org\/2000\/svg\" viewBox=\"0 0 512 512\"><path d=\"M504.3 273.6l-112.1 104c-6.992 6.484-17.18 8.218-25.94 4.406c-8.758-3.812-14.42-12.45-14.42-21.1L351.9 288H32C14.33 288 .0002 273.7 .0002 255.1S14.33 224 32 224h319.9l0-72c0-9.547 5.66-18.19 14.42-22c8.754-3.809 18.95-2.075 25.94 4.41l112.1 104C514.6 247.9 514.6 264.1 504.3 273.6z\"><\/path><\/svg><\/a><\/div><\/div>\n<\/div>\n<\/div>\n","protected":false},"excerpt":{"rendered":"<p>Ak chcete zobrazi\u0165 svoje kurzy, prihl\u00e1ste sa&#8230;<\/p>\n","protected":false},"author":1,"featured_media":0,"parent":0,"menu_order":0,"comment_status":"closed","ping_status":"closed","template":"","meta":{"_acf_changed":false,"_eb_attr":"","_uag_custom_page_level_css":"","site-sidebar-layout":"default","site-content-layout":"","ast-site-content-layout":"","site-content-style":"default","site-sidebar-style":"default","ast-global-header-display":"","ast-banner-title-visibility":"disabled","ast-main-header-display":"","ast-hfb-above-header-display":"","ast-hfb-below-header-display":"","ast-hfb-mobile-header-display":"","site-post-title":"","ast-breadcrumbs-content":"disabled","ast-featured-img":"","footer-sml-layout":"","ast-disable-related-posts":"","theme-transparent-header-meta":"enabled","adv-header-id-meta":"","stick-header-meta":"","header-above-stick-meta":"","header-main-stick-meta":"","header-below-stick-meta":"","astra-migrate-meta-layouts":"default","ast-page-background-enabled":"default","ast-page-background-meta":{"desktop":{"background-color":"var(--ast-global-color-4)","background-image":"","background-repeat":"repeat","background-position":"center center","background-size":"auto","background-attachment":"scroll","background-type":"","background-media":"","overlay-type":"","overlay-color":"","overlay-opacity":"","overlay-gradient":""},"tablet":{"background-color":"","background-image":"","background-repeat":"repeat","background-position":"center center","background-size":"auto","background-attachment":"scroll","background-type":"","background-media":"","overlay-type":"","overlay-color":"","overlay-opacity":"","overlay-gradient":""},"mobile":{"background-color":"","background-image":"","background-repeat":"repeat","background-position":"center center","background-size":"auto","background-attachment":"scroll","background-type":"","background-media":"","overlay-type":"","overlay-color":"","overlay-opacity":"","overlay-gradient":""}},"ast-content-background-meta":{"desktop":{"background-color":"var(--ast-global-color-5)","background-image":"","background-repeat":"repeat","background-position":"center center","background-size":"auto","background-attachment":"scroll","background-type":"","background-media":"","overlay-type":"","overlay-color":"","overlay-opacity":"","overlay-gradient":""},"tablet":{"background-color":"var(--ast-global-color-5)","background-image":"","background-repeat":"repeat","background-position":"center center","background-size":"auto","background-attachment":"scroll","background-type":"","background-media":"","overlay-type":"","overlay-color":"","overlay-opacity":"","overlay-gradient":""},"mobile":{"background-color":"var(--ast-global-color-5)","background-image":"","background-repeat":"repeat","background-position":"center center","background-size":"auto","background-attachment":"scroll","background-type":"","background-media":"","overlay-type":"","overlay-color":"","overlay-opacity":"","overlay-gradient":""}},"footnotes":""},"class_list":["post-18793","page","type-page","status-publish","hentry"],"acf":[],"featured_image_src":null,"uagb_featured_image_src":{"full":false,"thumbnail":false,"medium":false,"medium_large":false,"large":false,"1536x1536":false,"2048x2048":false},"uagb_author_info":{"display_name":"Hana Krchov\u00e1","author_link":"https:\/\/strate9y.com\/sk\/autor\/admin\/"},"uagb_comment_info":0,"uagb_excerpt":"Ak chcete zobrazi\u0165 svoje kurzy, prihl\u00e1ste sa&#8230;","_links":{"self":[{"href":"https:\/\/strate9y.com\/sk\/wp-json\/wp\/v2\/pages\/18793","targetHints":{"allow":["GET"]}}],"collection":[{"href":"https:\/\/strate9y.com\/sk\/wp-json\/wp\/v2\/pages"}],"about":[{"href":"https:\/\/strate9y.com\/sk\/wp-json\/wp\/v2\/types\/page"}],"author":[{"embeddable":true,"href":"https:\/\/strate9y.com\/sk\/wp-json\/wp\/v2\/users\/1"}],"replies":[{"embeddable":true,"href":"https:\/\/strate9y.com\/sk\/wp-json\/wp\/v2\/comments?post=18793"}],"version-history":[{"count":0,"href":"https:\/\/strate9y.com\/sk\/wp-json\/wp\/v2\/pages\/18793\/revisions"}],"wp:attachment":[{"href":"https:\/\/strate9y.com\/sk\/wp-json\/wp\/v2\/media?parent=18793"}],"curies":[{"name":"wp","href":"https:\/\/api.w.org\/{rel}","templated":true}]}}